{"id":29998,"date":"2020-05-19T22:56:25","date_gmt":"2020-05-19T13:56:25","guid":{"rendered":"https:\/\/www.fgautron.com\/weblog\/?page_id=29998"},"modified":"2022-08-06T13:10:04","modified_gmt":"2022-08-06T04:10:04","slug":"enquete","status":"publish","type":"page","link":"https:\/\/www.fgautron.com\/weblog\/enquete\/","title":{"rendered":"Enqu\u00eate"},"content":{"rendered":"<p>Merci de prendre quelques minutes pour r\u00e9pondre \u00e0 l&rsquo;enqu\u00eate ci-dessous qui me permettra de mieux conna\u00eetre les visiteurs de Made in Tokyo. Cette enqu\u00eate est anonyme et chaque question ne demande pas une r\u00e9ponse obligatoire. Vous pouvez laisser un surnom ou un nom de code si vous le souhaitez. Merci!<\/p>\n<div class=\"wpforms-container wpforms-container-full\" id=\"wpforms-29995\"><form id=\"wpforms-form-29995\" class=\"wpforms-validate wpforms-form\" data-formid=\"29995\" method=\"post\" enctype=\"multipart\/form-data\" action=\"\/weblog\/wp-json\/wp\/v2\/pages\/29998\" data-token=\"20b2eac24e178fdb110d1ed7d4691257\" data-token-time=\"1777060413\"><noscript class=\"wpforms-error-noscript\">Veuillez activer JavaScript dans votre navigateur pour remplir ce formulaire.<\/noscript><div class=\"wpforms-field-container\"><div id=\"wpforms-29995-field_2-container\" class=\"wpforms-field wpforms-field-radio\" data-field-id=\"2\"><label class=\"wpforms-field-label\">(1) Depuis combien de temps suivez vous Made in Tokyo?<\/label><ul id=\"wpforms-29995-field_2\"><li class=\"choice-1 depth-1\"><input type=\"radio\" id=\"wpforms-29995-field_2_1\" name=\"wpforms[fields][2]\" value=\"Je viens juste d&#039;arriver\"  ><label class=\"wpforms-field-label-inline\" for=\"wpforms-29995-field_2_1\">Je viens juste d'arriver<\/label><\/li><li class=\"choice-2 depth-1\"><input type=\"radio\" id=\"wpforms-29995-field_2_2\" name=\"wpforms[fields][2]\" value=\"Depuis plus d&#039;une semaine\"  ><label class=\"wpforms-field-label-inline\" for=\"wpforms-29995-field_2_2\">Depuis plus d'une semaine<\/label><\/li><li class=\"choice-3 depth-1\"><input type=\"radio\" id=\"wpforms-29995-field_2_3\" name=\"wpforms[fields][2]\" value=\"Depuis plus d&#039;un mois\"  ><label class=\"wpforms-field-label-inline\" for=\"wpforms-29995-field_2_3\">Depuis plus d'un mois<\/label><\/li><li class=\"choice-4 depth-1\"><input type=\"radio\" id=\"wpforms-29995-field_2_4\" name=\"wpforms[fields][2]\" value=\"Depuis plus d&#039;un an\"  ><label class=\"wpforms-field-label-inline\" for=\"wpforms-29995-field_2_4\">Depuis plus d'un an<\/label><\/li><li class=\"choice-5 depth-1\"><input type=\"radio\" id=\"wpforms-29995-field_2_5\" name=\"wpforms[fields][2]\" value=\"Depuis la cr\u00e9ation du site (\u00e0 la minute pr\u00e8s)\"  ><label class=\"wpforms-field-label-inline\" for=\"wpforms-29995-field_2_5\">Depuis la cr\u00e9ation du site (\u00e0 la minute pr\u00e8s)<\/label><\/li><li class=\"choice-7 depth-1\"><input type=\"radio\" id=\"wpforms-29995-field_2_7\" name=\"wpforms[fields][2]\" value=\"Je suis arriv\u00e9 par erreur, laissez moi sortir\"  ><label class=\"wpforms-field-label-inline\" for=\"wpforms-29995-field_2_7\">Je suis arriv\u00e9 par erreur, laissez moi sortir<\/label><\/li><\/ul><\/div><div id=\"wpforms-29995-field_3-container\" class=\"wpforms-field wpforms-field-radio\" data-field-id=\"3\"><label class=\"wpforms-field-label\">(2) Comment vous connectez vous sur Made in Tokyo?<\/label><ul id=\"wpforms-29995-field_3\"><li class=\"choice-1 depth-1\"><input type=\"radio\" id=\"wpforms-29995-field_3_1\" name=\"wpforms[fields][3]\" value=\"Directement en tapant l&#039;adresse du site dans mon navigateur internet\"  ><label class=\"wpforms-field-label-inline\" for=\"wpforms-29995-field_3_1\">Directement en tapant l'adresse du site dans mon navigateur internet<\/label><\/li><li class=\"choice-2 depth-1\"><input type=\"radio\" id=\"wpforms-29995-field_3_2\" name=\"wpforms[fields][3]\" value=\"Made in Tokyo est dans mes favoris internet\"  ><label class=\"wpforms-field-label-inline\" for=\"wpforms-29995-field_3_2\">Made in Tokyo est dans mes favoris internet<\/label><\/li><li class=\"choice-3 depth-1\"><input type=\"radio\" id=\"wpforms-29995-field_3_3\" name=\"wpforms[fields][3]\" value=\"Depuis un agr\u00e9gateur de contenus ou un flux RSS\"  ><label class=\"wpforms-field-label-inline\" for=\"wpforms-29995-field_3_3\">Depuis un agr\u00e9gateur de contenus ou un flux RSS<\/label><\/li><li class=\"choice-4 depth-1\"><input type=\"radio\" id=\"wpforms-29995-field_3_4\" name=\"wpforms[fields][3]\" value=\"Depuis un lien Twitter ou Instagram\"  ><label class=\"wpforms-field-label-inline\" for=\"wpforms-29995-field_3_4\">Depuis un lien Twitter ou Instagram<\/label><\/li><li class=\"choice-5 depth-1\"><input type=\"radio\" id=\"wpforms-29995-field_3_5\" name=\"wpforms[fields][3]\" value=\"Depuis le r\u00e9seau WiFi de mon voisin ou voisine de palier\"  ><label class=\"wpforms-field-label-inline\" for=\"wpforms-29995-field_3_5\">Depuis le r\u00e9seau WiFi de mon voisin ou voisine de palier<\/label><\/li><li class=\"choice-6 depth-1\"><input type=\"radio\" id=\"wpforms-29995-field_3_6\" name=\"wpforms[fields][3]\" value=\"Depuis un caf\u00e9 internet en buvant du th\u00e9 (expr\u00e8s)\"  ><label class=\"wpforms-field-label-inline\" for=\"wpforms-29995-field_3_6\">Depuis un caf\u00e9 internet en buvant du th\u00e9 (expr\u00e8s)<\/label><\/li><\/ul><\/div><div id=\"wpforms-29995-field_4-container\" class=\"wpforms-field wpforms-field-radio\" data-field-id=\"4\"><label class=\"wpforms-field-label\">(3) Depuis quel \u00e9quipement vous connectez vous \u00e0 Made in Tokyo?<\/label><ul id=\"wpforms-29995-field_4\"><li class=\"choice-1 depth-1\"><input type=\"radio\" id=\"wpforms-29995-field_4_1\" name=\"wpforms[fields][4]\" value=\"Un ordinateur \u00e0 la maison ou un portable\"  ><label class=\"wpforms-field-label-inline\" for=\"wpforms-29995-field_4_1\">Un ordinateur \u00e0 la maison ou un portable<\/label><\/li><li class=\"choice-2 depth-1\"><input type=\"radio\" id=\"wpforms-29995-field_4_2\" name=\"wpforms[fields][4]\" value=\"Une tablette iPad ou \u00e9quivalent\"  ><label class=\"wpforms-field-label-inline\" for=\"wpforms-29995-field_4_2\">Une tablette iPad ou \u00e9quivalent<\/label><\/li><li class=\"choice-3 depth-1\"><input type=\"radio\" id=\"wpforms-29995-field_4_3\" name=\"wpforms[fields][4]\" value=\"Un smartphone\"  ><label class=\"wpforms-field-label-inline\" for=\"wpforms-29995-field_4_3\">Un smartphone<\/label><\/li><li class=\"choice-4 depth-1\"><input type=\"radio\" id=\"wpforms-29995-field_4_4\" name=\"wpforms[fields][4]\" value=\"Un ordinateur en d\u00e9monstration dans un magasin d&#039;\u00e9lectronique\"  ><label class=\"wpforms-field-label-inline\" for=\"wpforms-29995-field_4_4\">Un ordinateur en d\u00e9monstration dans un magasin d'\u00e9lectronique<\/label><\/li><\/ul><\/div><div id=\"wpforms-29995-field_5-container\" class=\"wpforms-field wpforms-field-radio\" data-field-id=\"5\"><label class=\"wpforms-field-label\">(4) Depuis quel lieu suivez vous Made in Tokyo?<\/label><ul id=\"wpforms-29995-field_5\"><li class=\"choice-1 depth-1\"><input type=\"radio\" id=\"wpforms-29995-field_5_1\" name=\"wpforms[fields][5]\" value=\"France\"  ><label class=\"wpforms-field-label-inline\" for=\"wpforms-29995-field_5_1\">France<\/label><\/li><li class=\"choice-2 depth-1\"><input type=\"radio\" id=\"wpforms-29995-field_5_2\" name=\"wpforms[fields][5]\" value=\"Europe\"  ><label class=\"wpforms-field-label-inline\" for=\"wpforms-29995-field_5_2\">Europe<\/label><\/li><li class=\"choice-3 depth-1\"><input type=\"radio\" id=\"wpforms-29995-field_5_3\" name=\"wpforms[fields][5]\" value=\"Japon\"  ><label class=\"wpforms-field-label-inline\" for=\"wpforms-29995-field_5_3\">Japon<\/label><\/li><li class=\"choice-4 depth-1\"><input type=\"radio\" id=\"wpforms-29995-field_5_4\" name=\"wpforms[fields][5]\" value=\"Pays d&#039;Asie\"  ><label class=\"wpforms-field-label-inline\" for=\"wpforms-29995-field_5_4\">Pays d'Asie<\/label><\/li><li class=\"choice-5 depth-1\"><input type=\"radio\" id=\"wpforms-29995-field_5_5\" name=\"wpforms[fields][5]\" value=\"Station spatiale internationale\"  ><label class=\"wpforms-field-label-inline\" for=\"wpforms-29995-field_5_5\">Station spatiale internationale<\/label><\/li><li class=\"choice-7 depth-1\"><input type=\"radio\" id=\"wpforms-29995-field_5_7\" name=\"wpforms[fields][5]\" value=\"Univers parall\u00e8le non r\u00e9pertori\u00e9\"  ><label class=\"wpforms-field-label-inline\" for=\"wpforms-29995-field_5_7\">Univers parall\u00e8le non r\u00e9pertori\u00e9<\/label><\/li><li class=\"choice-8 depth-1\"><input type=\"radio\" id=\"wpforms-29995-field_5_8\" name=\"wpforms[fields][5]\" value=\"Autre lieu\"  ><label class=\"wpforms-field-label-inline\" for=\"wpforms-29995-field_5_8\">Autre lieu<\/label><\/li><\/ul><\/div><div id=\"wpforms-29995-field_6-container\" class=\"wpforms-field wpforms-field-radio\" data-field-id=\"6\"><label class=\"wpforms-field-label\">(5) Qu&#039;est ce que vous appr\u00e9ciez le plus sur Made in Tokyo?<\/label><ul id=\"wpforms-29995-field_6\"><li class=\"choice-1 depth-1\"><input type=\"radio\" id=\"wpforms-29995-field_6_1\" name=\"wpforms[fields][6]\" value=\"Les photos de Tokyo\"  ><label class=\"wpforms-field-label-inline\" for=\"wpforms-29995-field_6_1\">Les photos de Tokyo<\/label><\/li><li class=\"choice-2 depth-1\"><input type=\"radio\" id=\"wpforms-29995-field_6_2\" name=\"wpforms[fields][6]\" value=\"Les articles et photos sur l&#039;architecture de Tokyo\"  ><label class=\"wpforms-field-label-inline\" for=\"wpforms-29995-field_6_2\">Les articles et photos sur l'architecture de Tokyo<\/label><\/li><li class=\"choice-3 depth-1\"><input type=\"radio\" id=\"wpforms-29995-field_6_3\" name=\"wpforms[fields][6]\" value=\"Les billets couvrant la musique japonaise\"  ><label class=\"wpforms-field-label-inline\" for=\"wpforms-29995-field_6_3\">Les billets couvrant la musique japonaise<\/label><\/li><li class=\"choice-4 depth-1\"><input type=\"radio\" id=\"wpforms-29995-field_6_4\" name=\"wpforms[fields][6]\" value=\"Les textes en g\u00e9n\u00e9ral\"  ><label class=\"wpforms-field-label-inline\" for=\"wpforms-29995-field_6_4\">Les textes en g\u00e9n\u00e9ral<\/label><\/li><li class=\"choice-5 depth-1\"><input type=\"radio\" id=\"wpforms-29995-field_6_5\" name=\"wpforms[fields][6]\" value=\"Le tout dans son ensemble indissociable o\u00f9 chaque billet ne peut \u00eatre lu ind\u00e9pendamment des autres\"  ><label class=\"wpforms-field-label-inline\" for=\"wpforms-29995-field_6_5\">Le tout dans son ensemble indissociable o\u00f9 chaque billet ne peut \u00eatre lu ind\u00e9pendamment des autres<\/label><\/li><li class=\"choice-6 depth-1\"><input type=\"radio\" id=\"wpforms-29995-field_6_6\" name=\"wpforms[fields][6]\" value=\"Il n&#039;y a rien qui m&#039;int\u00e9resse mais je viens quand m\u00eame tous les jours histoire de\"  ><label class=\"wpforms-field-label-inline\" for=\"wpforms-29995-field_6_6\">Il n'y a rien qui m'int\u00e9resse mais je viens quand m\u00eame tous les jours histoire de<\/label><\/li><\/ul><\/div><div id=\"wpforms-29995-field_7-container\" class=\"wpforms-field wpforms-field-radio\" data-field-id=\"7\"><label class=\"wpforms-field-label\">(6) Combien de temps passez vous sur Made in Tokyo \u00e0 chaque visite?<\/label><ul id=\"wpforms-29995-field_7\"><li class=\"choice-1 depth-1\"><input type=\"radio\" id=\"wpforms-29995-field_7_1\" name=\"wpforms[fields][7]\" value=\"Moins de 10 minutes le temps de lire le nouveau billet publi\u00e9\"  ><label class=\"wpforms-field-label-inline\" for=\"wpforms-29995-field_7_1\">Moins de 10 minutes le temps de lire le nouveau billet publi\u00e9<\/label><\/li><li class=\"choice-2 depth-1\"><input type=\"radio\" id=\"wpforms-29995-field_7_2\" name=\"wpforms[fields][7]\" value=\"Environ 30 minutes\"  ><label class=\"wpforms-field-label-inline\" for=\"wpforms-29995-field_7_2\">Environ 30 minutes<\/label><\/li><li class=\"choice-3 depth-1\"><input type=\"radio\" id=\"wpforms-29995-field_7_3\" name=\"wpforms[fields][7]\" value=\"Plus d&#039;une heure mais distraitement\"  ><label class=\"wpforms-field-label-inline\" for=\"wpforms-29995-field_7_3\">Plus d'une heure mais distraitement<\/label><\/li><li class=\"choice-4 depth-1\"><input type=\"radio\" id=\"wpforms-29995-field_7_4\" name=\"wpforms[fields][7]\" value=\"Je ne compte pas le temps qui passe quand je parcours ces pages\"  ><label class=\"wpforms-field-label-inline\" for=\"wpforms-29995-field_7_4\">Je ne compte pas le temps qui passe quand je parcours ces pages<\/label><\/li><\/ul><\/div><div id=\"wpforms-29995-field_8-container\" class=\"wpforms-field wpforms-field-radio\" data-field-id=\"8\"><label class=\"wpforms-field-label\">(7) Que manque t&#039;il \u00e0 Made in Tokyo?<\/label><ul id=\"wpforms-29995-field_8\"><li class=\"choice-1 depth-1\"><input type=\"radio\" id=\"wpforms-29995-field_8_1\" name=\"wpforms[fields][8]\" value=\"Des r\u00e9f\u00e9rences \u00e0 d&#039;autres blogs tokyo\u00eftes\"  ><label class=\"wpforms-field-label-inline\" for=\"wpforms-29995-field_8_1\">Des r\u00e9f\u00e9rences \u00e0 d'autres blogs tokyo\u00eftes<\/label><\/li><li class=\"choice-2 depth-1\"><input type=\"radio\" id=\"wpforms-29995-field_8_2\" name=\"wpforms[fields][8]\" value=\"Plus de gens sur les photos\"  ><label class=\"wpforms-field-label-inline\" for=\"wpforms-29995-field_8_2\">Plus de gens sur les photos<\/label><\/li><li class=\"choice-3 depth-1\"><input type=\"radio\" id=\"wpforms-29995-field_8_3\" name=\"wpforms[fields][8]\" value=\"Des photos de chats mignons\"  ><label class=\"wpforms-field-label-inline\" for=\"wpforms-29995-field_8_3\">Des photos de chats mignons<\/label><\/li><li class=\"choice-4 depth-1\"><input type=\"radio\" id=\"wpforms-29995-field_8_4\" name=\"wpforms[fields][8]\" value=\"Un slogan indiquant que ce site entend montrer un Japon diff\u00e9rent en dehors des sentiers battus, entre traditions et modernit\u00e9\"  ><label class=\"wpforms-field-label-inline\" for=\"wpforms-29995-field_8_4\">Un slogan indiquant que ce site entend montrer un Japon diff\u00e9rent en dehors des sentiers battus, entre traditions et modernit\u00e9<\/label><\/li><li class=\"choice-5 depth-1\"><input type=\"radio\" id=\"wpforms-29995-field_8_5\" name=\"wpforms[fields][8]\" value=\"Un site mieux organis\u00e9 car on s&#039;y perd et les billets sont fouillis\"  ><label class=\"wpforms-field-label-inline\" for=\"wpforms-29995-field_8_5\">Un site mieux organis\u00e9 car on s'y perd et les billets sont fouillis<\/label><\/li><li class=\"choice-6 depth-1\"><input type=\"radio\" id=\"wpforms-29995-field_8_6\" name=\"wpforms[fields][8]\" value=\"Des vid\u00e9os de Tokyo\"  ><label class=\"wpforms-field-label-inline\" for=\"wpforms-29995-field_8_6\">Des vid\u00e9os de Tokyo<\/label><\/li><li class=\"choice-7 depth-1\"><input type=\"radio\" id=\"wpforms-29995-field_8_7\" name=\"wpforms[fields][8]\" value=\"Rien de bien particulier en fait\"  ><label class=\"wpforms-field-label-inline\" for=\"wpforms-29995-field_8_7\">Rien de bien particulier en fait<\/label><\/li><\/ul><\/div><div id=\"wpforms-29995-field_9-container\" class=\"wpforms-field wpforms-field-radio\" data-field-id=\"9\"><label class=\"wpforms-field-label\">(8) Vous \u00eates?<\/label><ul id=\"wpforms-29995-field_9\"><li class=\"choice-1 depth-1\"><input type=\"radio\" id=\"wpforms-29995-field_9_1\" name=\"wpforms[fields][9]\" value=\"Un homme\"  ><label class=\"wpforms-field-label-inline\" for=\"wpforms-29995-field_9_1\">Un homme<\/label><\/li><li class=\"choice-2 depth-1\"><input type=\"radio\" id=\"wpforms-29995-field_9_2\" name=\"wpforms[fields][9]\" value=\"Une femme\"  ><label class=\"wpforms-field-label-inline\" for=\"wpforms-29995-field_9_2\">Une femme<\/label><\/li><\/ul><\/div><div id=\"wpforms-29995-field_10-container\" class=\"wpforms-field wpforms-field-radio\" data-field-id=\"10\"><label class=\"wpforms-field-label\">(9) Quel \u00e2ge avez vous?<\/label><ul id=\"wpforms-29995-field_10\"><li class=\"choice-1 depth-1\"><input type=\"radio\" id=\"wpforms-29995-field_10_1\" name=\"wpforms[fields][10]\" value=\"Moins de 20 ans\"  ><label class=\"wpforms-field-label-inline\" for=\"wpforms-29995-field_10_1\">Moins de 20 ans<\/label><\/li><li class=\"choice-2 depth-1\"><input type=\"radio\" id=\"wpforms-29995-field_10_2\" name=\"wpforms[fields][10]\" value=\"Entre 20 et 30 ans\"  ><label class=\"wpforms-field-label-inline\" for=\"wpforms-29995-field_10_2\">Entre 20 et 30 ans<\/label><\/li><li class=\"choice-3 depth-1\"><input type=\"radio\" id=\"wpforms-29995-field_10_3\" name=\"wpforms[fields][10]\" value=\"Entre 30 et 40 ans\"  ><label class=\"wpforms-field-label-inline\" for=\"wpforms-29995-field_10_3\">Entre 30 et 40 ans<\/label><\/li><li class=\"choice-4 depth-1\"><input type=\"radio\" id=\"wpforms-29995-field_10_4\" name=\"wpforms[fields][10]\" value=\"Entre 40 et 50 ans\"  ><label class=\"wpforms-field-label-inline\" for=\"wpforms-29995-field_10_4\">Entre 40 et 50 ans<\/label><\/li><li class=\"choice-5 depth-1\"><input type=\"radio\" id=\"wpforms-29995-field_10_5\" name=\"wpforms[fields][10]\" value=\"Entre 50 et 60 ans\"  ><label class=\"wpforms-field-label-inline\" for=\"wpforms-29995-field_10_5\">Entre 50 et 60 ans<\/label><\/li><li class=\"choice-6 depth-1\"><input type=\"radio\" id=\"wpforms-29995-field_10_6\" name=\"wpforms[fields][10]\" value=\"Plus de 60 ans\"  ><label class=\"wpforms-field-label-inline\" for=\"wpforms-29995-field_10_6\">Plus de 60 ans<\/label><\/li><li class=\"choice-7 depth-1\"><input type=\"radio\" id=\"wpforms-29995-field_10_7\" name=\"wpforms[fields][10]\" value=\"Je ne souhaite pas d\u00e9voiler mon \u00e2ge sur ce questionnaire anonyme\"  ><label class=\"wpforms-field-label-inline\" for=\"wpforms-29995-field_10_7\">Je ne souhaite pas d\u00e9voiler mon \u00e2ge sur ce questionnaire anonyme<\/label><\/li><\/ul><\/div><div id=\"wpforms-29995-field_12-container\" class=\"wpforms-field wpforms-field-text\" data-field-id=\"12\"><label class=\"wpforms-field-label\" for=\"wpforms-29995-field_12\">(10) Surnom ou Nom de code (\u00e9vitez les noms d&#039;oiseaux)<\/label><input type=\"text\" id=\"wpforms-29995-field_12\" class=\"wpforms-field-medium\" name=\"wpforms[fields][12]\" ><\/div><div id=\"wpforms-29995-field_13-container\" class=\"wpforms-field wpforms-field-textarea\" data-field-id=\"13\"><label class=\"wpforms-field-label\" for=\"wpforms-29995-field_13\">Des suggestions ou commentaires suppl\u00e9mentaires \u00e0 apporter?<\/label><textarea id=\"wpforms-29995-field_13\" class=\"wpforms-field-medium\" name=\"wpforms[fields][13]\" ><\/textarea><\/div><\/div><!-- .wpforms-field-container --><div class=\"wpforms-field wpforms-field-hp\"><label for=\"wpforms-29995-field-hp\" class=\"wpforms-field-label\">Phone<\/label><input type=\"text\" name=\"wpforms[hp]\" id=\"wpforms-29995-field-hp\" class=\"wpforms-field-medium\"><\/div><div class=\"wpforms-submit-container\" ><input type=\"hidden\" name=\"wpforms[id]\" value=\"29995\"><input type=\"hidden\" name=\"page_title\" value=\"\"><input type=\"hidden\" name=\"page_url\" value=\"https:\/\/www.fgautron.com\/weblog\/wp-json\/wp\/v2\/pages\/29998\"><input type=\"hidden\" name=\"url_referer\" value=\"\"><button type=\"submit\" name=\"wpforms[submit]\" id=\"wpforms-submit-29995\" class=\"wpforms-submit\" data-alt-text=\"Envoi...\" data-submit-text=\"Envoyer\" aria-live=\"assertive\" value=\"wpforms-submit\">Envoyer<\/button><\/div><\/form><\/div>  <!-- .wpforms-container -->\n","protected":false},"excerpt":{"rendered":"<p>Merci de prendre quelques minutes pour r\u00e9pondre \u00e0 l&rsquo;enqu\u00eate ci-dessous qui me permettra de mieux conna\u00eetre les visiteurs de Made in Tokyo. Cette enqu\u00eate est anonyme et chaque question ne demande pas une r\u00e9ponse obligatoire. Vous pouvez laisser un surnom ou un nom de code si vous le souhaitez. Merci!<\/p>\n","protected":false},"author":1,"featured_media":0,"parent":0,"menu_order":0,"comment_status":"closed","ping_status":"closed","template":"","meta":{"footnotes":""},"class_list":["post-29998","page","type-page","status-publish","hentry"],"jetpack_sharing_enabled":true,"jetpack_likes_enabled":true,"_links":{"self":[{"href":"https:\/\/www.fgautron.com\/weblog\/wp-json\/wp\/v2\/pages\/29998","targetHints":{"allow":["GET"]}}],"collection":[{"href":"https:\/\/www.fgautron.com\/weblog\/wp-json\/wp\/v2\/pages"}],"about":[{"href":"https:\/\/www.fgautron.com\/weblog\/wp-json\/wp\/v2\/types\/page"}],"author":[{"embeddable":true,"href":"https:\/\/www.fgautron.com\/weblog\/wp-json\/wp\/v2\/users\/1"}],"replies":[{"embeddable":true,"href":"https:\/\/www.fgautron.com\/weblog\/wp-json\/wp\/v2\/comments?post=29998"}],"version-history":[{"count":7,"href":"https:\/\/www.fgautron.com\/weblog\/wp-json\/wp\/v2\/pages\/29998\/revisions"}],"predecessor-version":[{"id":33243,"href":"https:\/\/www.fgautron.com\/weblog\/wp-json\/wp\/v2\/pages\/29998\/revisions\/33243"}],"wp:attachment":[{"href":"https:\/\/www.fgautron.com\/weblog\/wp-json\/wp\/v2\/media?parent=29998"}],"curies":[{"name":"wp","href":"https:\/\/api.w.org\/{rel}","templated":true}]}}