{"id":31999,"date":"2020-12-30T11:16:29","date_gmt":"2020-12-30T02:16:29","guid":{"rendered":"https:\/\/www.fgautron.com\/weblog\/?page_id=31999"},"modified":"2022-10-19T23:57:10","modified_gmt":"2022-10-19T14:57:10","slug":"%e9%96%8f%e5%b9%b4%e3%82%a8%e3%83%b3%e3%83%87%e3%82%a3%e3%83%b3%e3%82%b0-4","status":"publish","type":"page","link":"https:\/\/www.fgautron.com\/weblog\/%e9%96%8f%e5%b9%b4%e3%82%a8%e3%83%b3%e3%83%87%e3%82%a3%e3%83%b3%e3%82%b0-4\/","title":{"rendered":"\u958f\u5e74\u30a8\u30f3\u30c7\u30a3\u30f3\u30b0 (\u88cf)"},"content":{"rendered":"<p><img loading=\"lazy\" decoding=\"async\" data-attachment-id=\"32005\" data-permalink=\"https:\/\/www.fgautron.com\/weblog\/%e9%96%8f%e5%b9%b4%e3%82%a8%e3%83%b3%e3%83%87%e3%82%a3%e3%83%b3%e3%82%b0-4\/uraimg_4910wm\/\" data-orig-file=\"https:\/\/www.fgautron.com\/weblog\/wp-content\/\/uraIMG_4910wm.jpg\" data-orig-size=\"2000,1333\" data-comments-opened=\"1\" data-image-meta=\"{&quot;aperture&quot;:&quot;5&quot;,&quot;credit&quot;:&quot;&quot;,&quot;camera&quot;:&quot;Canon EOS 50D&quot;,&quot;caption&quot;:&quot;&quot;,&quot;created_timestamp&quot;:&quot;1606663956&quot;,&quot;copyright&quot;:&quot;&quot;,&quot;focal_length&quot;:&quot;24&quot;,&quot;iso&quot;:&quot;320&quot;,&quot;shutter_speed&quot;:&quot;0.02&quot;,&quot;title&quot;:&quot;&quot;,&quot;orientation&quot;:&quot;1&quot;}\" data-image-title=\"uraIMG_4910wm\" data-image-description=\"\" data-image-caption=\"\" data-large-file=\"https:\/\/www.fgautron.com\/weblog\/wp-content\/\/uraIMG_4910wm-700x467.jpg\" src=\"https:\/\/www.fgautron.com\/weblog\/wp-content\/\/uraIMG_4910wm.jpg\" alt=\"\" width=\"2000\" height=\"1333\" class=\"aligncenter size-full wp-image-32005\" srcset=\"https:\/\/www.fgautron.com\/weblog\/wp-content\/uraIMG_4910wm.jpg 2000w, https:\/\/www.fgautron.com\/weblog\/wp-content\/uraIMG_4910wm-300x200.jpg 300w, https:\/\/www.fgautron.com\/weblog\/wp-content\/uraIMG_4910wm-700x467.jpg 700w, https:\/\/www.fgautron.com\/weblog\/wp-content\/uraIMG_4910wm-1536x1024.jpg 1536w, https:\/\/www.fgautron.com\/weblog\/wp-content\/uraIMG_4910wm-800x533.jpg 800w\" sizes=\"auto, (max-width: 2000px) 100vw, 2000px\" \/><\/p>\n<p><img loading=\"lazy\" decoding=\"async\" data-attachment-id=\"32008\" data-permalink=\"https:\/\/www.fgautron.com\/weblog\/%e9%96%8f%e5%b9%b4%e3%82%a8%e3%83%b3%e3%83%87%e3%82%a3%e3%83%b3%e3%82%b0-4\/uraimg_5266wm\/\" data-orig-file=\"https:\/\/www.fgautron.com\/weblog\/wp-content\/\/uraIMG_5266wm.jpg\" data-orig-size=\"2000,1311\" data-comments-opened=\"1\" data-image-meta=\"{&quot;aperture&quot;:&quot;6.3&quot;,&quot;credit&quot;:&quot;&quot;,&quot;camera&quot;:&quot;Canon EOS 50D&quot;,&quot;caption&quot;:&quot;&quot;,&quot;created_timestamp&quot;:&quot;1608543496&quot;,&quot;copyright&quot;:&quot;&quot;,&quot;focal_length&quot;:&quot;17&quot;,&quot;iso&quot;:&quot;400&quot;,&quot;shutter_speed&quot;:&quot;0.01&quot;,&quot;title&quot;:&quot;&quot;,&quot;orientation&quot;:&quot;1&quot;}\" data-image-title=\"uraIMG_5266wm\" data-image-description=\"\" data-image-caption=\"\" data-large-file=\"https:\/\/www.fgautron.com\/weblog\/wp-content\/\/uraIMG_5266wm-700x459.jpg\" src=\"https:\/\/www.fgautron.com\/weblog\/wp-content\/\/uraIMG_5266wm.jpg\" alt=\"\" width=\"2000\" height=\"1311\" class=\"aligncenter size-full wp-image-32008\" srcset=\"https:\/\/www.fgautron.com\/weblog\/wp-content\/uraIMG_5266wm.jpg 2000w, https:\/\/www.fgautron.com\/weblog\/wp-content\/uraIMG_5266wm-300x197.jpg 300w, https:\/\/www.fgautron.com\/weblog\/wp-content\/uraIMG_5266wm-700x459.jpg 700w, https:\/\/www.fgautron.com\/weblog\/wp-content\/uraIMG_5266wm-1536x1007.jpg 1536w, https:\/\/www.fgautron.com\/weblog\/wp-content\/uraIMG_5266wm-800x524.jpg 800w\" sizes=\"auto, (max-width: 2000px) 100vw, 2000px\" \/><\/p>\n<p><img loading=\"lazy\" decoding=\"async\" data-attachment-id=\"32006\" data-permalink=\"https:\/\/www.fgautron.com\/weblog\/%e9%96%8f%e5%b9%b4%e3%82%a8%e3%83%b3%e3%83%87%e3%82%a3%e3%83%b3%e3%82%b0-4\/uraimg_5125wm\/\" data-orig-file=\"https:\/\/www.fgautron.com\/weblog\/wp-content\/\/uraIMG_5125wm.jpg\" data-orig-size=\"2000,1333\" data-comments-opened=\"1\" data-image-meta=\"{&quot;aperture&quot;:&quot;4&quot;,&quot;credit&quot;:&quot;&quot;,&quot;camera&quot;:&quot;Canon EOS 50D&quot;,&quot;caption&quot;:&quot;&quot;,&quot;created_timestamp&quot;:&quot;1608468222&quot;,&quot;copyright&quot;:&quot;&quot;,&quot;focal_length&quot;:&quot;36&quot;,&quot;iso&quot;:&quot;500&quot;,&quot;shutter_speed&quot;:&quot;0.025&quot;,&quot;title&quot;:&quot;&quot;,&quot;orientation&quot;:&quot;1&quot;}\" data-image-title=\"uraIMG_5125wm\" data-image-description=\"\" data-image-caption=\"\" data-large-file=\"https:\/\/www.fgautron.com\/weblog\/wp-content\/\/uraIMG_5125wm-700x467.jpg\" src=\"https:\/\/www.fgautron.com\/weblog\/wp-content\/\/uraIMG_5125wm.jpg\" alt=\"\" width=\"2000\" height=\"1333\" class=\"aligncenter size-full wp-image-32006\" srcset=\"https:\/\/www.fgautron.com\/weblog\/wp-content\/uraIMG_5125wm.jpg 2000w, https:\/\/www.fgautron.com\/weblog\/wp-content\/uraIMG_5125wm-300x200.jpg 300w, https:\/\/www.fgautron.com\/weblog\/wp-content\/uraIMG_5125wm-700x467.jpg 700w, https:\/\/www.fgautron.com\/weblog\/wp-content\/uraIMG_5125wm-1536x1024.jpg 1536w, https:\/\/www.fgautron.com\/weblog\/wp-content\/uraIMG_5125wm-800x533.jpg 800w\" sizes=\"auto, (max-width: 2000px) 100vw, 2000px\" \/><\/p>\n<p><img loading=\"lazy\" decoding=\"async\" data-attachment-id=\"32007\" data-permalink=\"https:\/\/www.fgautron.com\/weblog\/%e9%96%8f%e5%b9%b4%e3%82%a8%e3%83%b3%e3%83%87%e3%82%a3%e3%83%b3%e3%82%b0-4\/uraimg_5263wm\/\" data-orig-file=\"https:\/\/www.fgautron.com\/weblog\/wp-content\/\/uraIMG_5263wm.jpg\" data-orig-size=\"2000,1333\" data-comments-opened=\"1\" data-image-meta=\"{&quot;aperture&quot;:&quot;6.3&quot;,&quot;credit&quot;:&quot;&quot;,&quot;camera&quot;:&quot;Canon EOS 50D&quot;,&quot;caption&quot;:&quot;&quot;,&quot;created_timestamp&quot;:&quot;1608543440&quot;,&quot;copyright&quot;:&quot;&quot;,&quot;focal_length&quot;:&quot;17&quot;,&quot;iso&quot;:&quot;400&quot;,&quot;shutter_speed&quot;:&quot;0.01&quot;,&quot;title&quot;:&quot;&quot;,&quot;orientation&quot;:&quot;1&quot;}\" data-image-title=\"uraIMG_5263wm\" data-image-description=\"\" data-image-caption=\"\" data-large-file=\"https:\/\/www.fgautron.com\/weblog\/wp-content\/\/uraIMG_5263wm-700x467.jpg\" src=\"https:\/\/www.fgautron.com\/weblog\/wp-content\/\/uraIMG_5263wm.jpg\" alt=\"\" width=\"2000\" height=\"1333\" class=\"aligncenter size-full wp-image-32007\" srcset=\"https:\/\/www.fgautron.com\/weblog\/wp-content\/uraIMG_5263wm.jpg 2000w, https:\/\/www.fgautron.com\/weblog\/wp-content\/uraIMG_5263wm-300x200.jpg 300w, https:\/\/www.fgautron.com\/weblog\/wp-content\/uraIMG_5263wm-700x467.jpg 700w, https:\/\/www.fgautron.com\/weblog\/wp-content\/uraIMG_5263wm-1536x1024.jpg 1536w, https:\/\/www.fgautron.com\/weblog\/wp-content\/uraIMG_5263wm-800x533.jpg 800w\" sizes=\"auto, (max-width: 2000px) 100vw, 2000px\" \/><\/p>\n<p><img loading=\"lazy\" decoding=\"async\" data-attachment-id=\"32004\" data-permalink=\"https:\/\/www.fgautron.com\/weblog\/%e9%96%8f%e5%b9%b4%e3%82%a8%e3%83%b3%e3%83%87%e3%82%a3%e3%83%b3%e3%82%b0-4\/uraimg_4207wm\/\" data-orig-file=\"https:\/\/www.fgautron.com\/weblog\/wp-content\/\/uraIMG_4207wm.jpg\" data-orig-size=\"2000,1333\" data-comments-opened=\"1\" data-image-meta=\"{&quot;aperture&quot;:&quot;4&quot;,&quot;credit&quot;:&quot;&quot;,&quot;camera&quot;:&quot;Canon EOS 50D&quot;,&quot;caption&quot;:&quot;&quot;,&quot;created_timestamp&quot;:&quot;1600538091&quot;,&quot;copyright&quot;:&quot;&quot;,&quot;focal_length&quot;:&quot;40&quot;,&quot;iso&quot;:&quot;400&quot;,&quot;shutter_speed&quot;:&quot;0.0333333333333&quot;,&quot;title&quot;:&quot;&quot;,&quot;orientation&quot;:&quot;1&quot;}\" data-image-title=\"uraIMG_4207wm\" data-image-description=\"\" data-image-caption=\"\" data-large-file=\"https:\/\/www.fgautron.com\/weblog\/wp-content\/\/uraIMG_4207wm-700x467.jpg\" src=\"https:\/\/www.fgautron.com\/weblog\/wp-content\/\/uraIMG_4207wm.jpg\" alt=\"\" width=\"2000\" height=\"1333\" class=\"aligncenter size-full wp-image-32004\" srcset=\"https:\/\/www.fgautron.com\/weblog\/wp-content\/uraIMG_4207wm.jpg 2000w, https:\/\/www.fgautron.com\/weblog\/wp-content\/uraIMG_4207wm-300x200.jpg 300w, https:\/\/www.fgautron.com\/weblog\/wp-content\/uraIMG_4207wm-700x467.jpg 700w, https:\/\/www.fgautron.com\/weblog\/wp-content\/uraIMG_4207wm-1536x1024.jpg 1536w, https:\/\/www.fgautron.com\/weblog\/wp-content\/uraIMG_4207wm-800x533.jpg 800w\" sizes=\"auto, (max-width: 2000px) 100vw, 2000px\" \/><\/p>\n<p><img loading=\"lazy\" decoding=\"async\" data-attachment-id=\"32009\" data-permalink=\"https:\/\/www.fgautron.com\/weblog\/%e9%96%8f%e5%b9%b4%e3%82%a8%e3%83%b3%e3%83%87%e3%82%a3%e3%83%b3%e3%82%b0-4\/uraimg_5270wm\/\" data-orig-file=\"https:\/\/www.fgautron.com\/weblog\/wp-content\/\/uraIMG_5270wm.jpg\" data-orig-size=\"2000,1333\" data-comments-opened=\"1\" data-image-meta=\"{&quot;aperture&quot;:&quot;5.6&quot;,&quot;credit&quot;:&quot;&quot;,&quot;camera&quot;:&quot;Canon EOS 50D&quot;,&quot;caption&quot;:&quot;&quot;,&quot;created_timestamp&quot;:&quot;1608543735&quot;,&quot;copyright&quot;:&quot;&quot;,&quot;focal_length&quot;:&quot;17&quot;,&quot;iso&quot;:&quot;400&quot;,&quot;shutter_speed&quot;:&quot;0.0166666666667&quot;,&quot;title&quot;:&quot;&quot;,&quot;orientation&quot;:&quot;1&quot;}\" data-image-title=\"uraIMG_5270wm\" data-image-description=\"\" data-image-caption=\"\" data-large-file=\"https:\/\/www.fgautron.com\/weblog\/wp-content\/\/uraIMG_5270wm-700x467.jpg\" src=\"https:\/\/www.fgautron.com\/weblog\/wp-content\/\/uraIMG_5270wm.jpg\" alt=\"\" width=\"2000\" height=\"1333\" class=\"aligncenter size-full wp-image-32009\" srcset=\"https:\/\/www.fgautron.com\/weblog\/wp-content\/uraIMG_5270wm.jpg 2000w, https:\/\/www.fgautron.com\/weblog\/wp-content\/uraIMG_5270wm-300x200.jpg 300w, https:\/\/www.fgautron.com\/weblog\/wp-content\/uraIMG_5270wm-700x467.jpg 700w, https:\/\/www.fgautron.com\/weblog\/wp-content\/uraIMG_5270wm-1536x1024.jpg 1536w, https:\/\/www.fgautron.com\/weblog\/wp-content\/uraIMG_5270wm-800x533.jpg 800w\" sizes=\"auto, (max-width: 2000px) 100vw, 2000px\" \/><\/p>\n<p>(\u88cf\u2779) Je n\u2019avais pas cr\u00e9\u00e9 de billets cach\u00e9s depuis un petit moment mais un passage rapide dans les rues vides de Kabukich\u014d t\u00f4t le matin me rappelle \u00e0 cette pratique ponctuelle. Il s\u2019agit du quatri\u00e8me billet de ce type sur Made in Tokyo et le point d\u2019entr\u00e9e est sur un des billets intitul\u00e9 \u958f\u5e74\u30a8\u30f3\u30c7\u30a3\u30f3\u30b0 \u00e9crit \u00e0 la toute fin de l\u2019ann\u00e9e 2020. J\u2019aime l\u2019id\u00e9e que ces billets cr\u00e9ent comme une sorte d\u2019univers parall\u00e8le, comme les zones urbaines de Tokyo \u00e0 l\u2019\u00e9cart des grandes art\u00e8res. L\u2019univers dans ces quartiers \u00e0 l\u2019arri\u00e8re (\u88cf) est plus sombre que ce que l&rsquo;on peut voir d&rsquo;habitude de Tokyo. Pour nous habituer \u00e0 la p\u00e9nombre de ces photographies, avan\u00e7ons doucement pas \u00e0 pas sans r\u00e9veiller les monstres des t\u00e9n\u00e8bres, en \u00e9coutant <a href=\"https:\/\/monoofjapan.bandcamp.com\/track\/requiem-for-hell\">Requiem For Hell<\/a> de Mono.<\/p>\n","protected":false},"excerpt":{"rendered":"<p>(\u88cf\u2779) Je n\u2019avais pas cr\u00e9\u00e9 de billets cach\u00e9s depuis un petit moment mais un passage rapide dans les rues vides de Kabukich\u014d t\u00f4t le matin me rappelle \u00e0 cette pratique ponctuelle. Il s\u2019agit du quatri\u00e8me billet de ce type sur Made in Tokyo et le point d\u2019entr\u00e9e est sur un des billets intitul\u00e9 \u958f\u5e74\u30a8\u30f3\u30c7\u30a3\u30f3\u30b0 \u00e9crit&#8230;<\/p>\n","protected":false},"author":1,"featured_media":0,"parent":0,"menu_order":0,"comment_status":"open","ping_status":"closed","template":"","meta":{"footnotes":""},"class_list":["post-31999","page","type-page","status-publish","hentry"],"jetpack_sharing_enabled":false,"jetpack_likes_enabled":true,"_links":{"self":[{"href":"https:\/\/www.fgautron.com\/weblog\/wp-json\/wp\/v2\/pages\/31999","targetHints":{"allow":["GET"]}}],"collection":[{"href":"https:\/\/www.fgautron.com\/weblog\/wp-json\/wp\/v2\/pages"}],"about":[{"href":"https:\/\/www.fgautron.com\/weblog\/wp-json\/wp\/v2\/types\/page"}],"author":[{"embeddable":true,"href":"https:\/\/www.fgautron.com\/weblog\/wp-json\/wp\/v2\/users\/1"}],"replies":[{"embeddable":true,"href":"https:\/\/www.fgautron.com\/weblog\/wp-json\/wp\/v2\/comments?post=31999"}],"version-history":[{"count":7,"href":"https:\/\/www.fgautron.com\/weblog\/wp-json\/wp\/v2\/pages\/31999\/revisions"}],"predecessor-version":[{"id":32017,"href":"https:\/\/www.fgautron.com\/weblog\/wp-json\/wp\/v2\/pages\/31999\/revisions\/32017"}],"wp:attachment":[{"href":"https:\/\/www.fgautron.com\/weblog\/wp-json\/wp\/v2\/media?parent=31999"}],"curies":[{"name":"wp","href":"https:\/\/api.w.org\/{rel}","templated":true}]}}