{"id":32053,"date":"2021-01-04T17:55:37","date_gmt":"2021-01-04T08:55:37","guid":{"rendered":"https:\/\/www.fgautron.com\/weblog\/?page_id=32053"},"modified":"2022-10-19T23:55:22","modified_gmt":"2022-10-19T14:55:22","slug":"%e9%96%8f%e5%b9%b4%e3%82%a8%e3%83%b3%e3%83%87%e3%82%a3%e3%83%b3%e3%82%b0-2-5","status":"publish","type":"page","link":"https:\/\/www.fgautron.com\/weblog\/%e9%96%8f%e5%b9%b4%e3%82%a8%e3%83%b3%e3%83%87%e3%82%a3%e3%83%b3%e3%82%b0-2-5\/","title":{"rendered":"\u958f\u5e74\u30a8\u30f3\u30c7\u30a3\u30f3\u30b0\u2212\uff12 (\u88cf)"},"content":{"rendered":"<p><img loading=\"lazy\" decoding=\"async\" data-attachment-id=\"32055\" data-permalink=\"https:\/\/www.fgautron.com\/weblog\/%e9%96%8f%e5%b9%b4%e3%82%a8%e3%83%b3%e3%83%87%e3%82%a3%e3%83%b3%e3%82%b0-2-5\/uraimg_4176wm\/\" data-orig-file=\"https:\/\/www.fgautron.com\/weblog\/wp-content\/\/uraIMG_4176wm.jpg\" data-orig-size=\"2000,1377\" data-comments-opened=\"1\" data-image-meta=\"{&quot;aperture&quot;:&quot;5.6&quot;,&quot;credit&quot;:&quot;&quot;,&quot;camera&quot;:&quot;Canon EOS 50D&quot;,&quot;caption&quot;:&quot;&quot;,&quot;created_timestamp&quot;:&quot;1600535164&quot;,&quot;copyright&quot;:&quot;&quot;,&quot;focal_length&quot;:&quot;40&quot;,&quot;iso&quot;:&quot;400&quot;,&quot;shutter_speed&quot;:&quot;0.008&quot;,&quot;title&quot;:&quot;&quot;,&quot;orientation&quot;:&quot;1&quot;}\" data-image-title=\"uraIMG_4176wm\" data-image-description=\"\" data-image-caption=\"\" data-large-file=\"https:\/\/www.fgautron.com\/weblog\/wp-content\/\/uraIMG_4176wm-700x482.jpg\" src=\"https:\/\/www.fgautron.com\/weblog\/wp-content\/\/uraIMG_4176wm.jpg\" alt=\"\" width=\"2000\" height=\"1377\" class=\"aligncenter size-full wp-image-32055\" srcset=\"https:\/\/www.fgautron.com\/weblog\/wp-content\/uraIMG_4176wm.jpg 2000w, https:\/\/www.fgautron.com\/weblog\/wp-content\/uraIMG_4176wm-300x207.jpg 300w, https:\/\/www.fgautron.com\/weblog\/wp-content\/uraIMG_4176wm-700x482.jpg 700w, https:\/\/www.fgautron.com\/weblog\/wp-content\/uraIMG_4176wm-1536x1058.jpg 1536w, https:\/\/www.fgautron.com\/weblog\/wp-content\/uraIMG_4176wm-800x551.jpg 800w\" sizes=\"auto, (max-width: 2000px) 100vw, 2000px\" \/><\/p>\n<p><img loading=\"lazy\" decoding=\"async\" data-attachment-id=\"32058\" data-permalink=\"https:\/\/www.fgautron.com\/weblog\/%e9%96%8f%e5%b9%b4%e3%82%a8%e3%83%b3%e3%83%87%e3%82%a3%e3%83%b3%e3%82%b0-2-5\/uraimg_5356wm\/\" data-orig-file=\"https:\/\/www.fgautron.com\/weblog\/wp-content\/\/uraIMG_5356wm.jpg\" data-orig-size=\"2000,1333\" data-comments-opened=\"1\" data-image-meta=\"{&quot;aperture&quot;:&quot;6.3&quot;,&quot;credit&quot;:&quot;&quot;,&quot;camera&quot;:&quot;Canon EOS 50D&quot;,&quot;caption&quot;:&quot;&quot;,&quot;created_timestamp&quot;:&quot;1609258610&quot;,&quot;copyright&quot;:&quot;&quot;,&quot;focal_length&quot;:&quot;17&quot;,&quot;iso&quot;:&quot;250&quot;,&quot;shutter_speed&quot;:&quot;0.01&quot;,&quot;title&quot;:&quot;&quot;,&quot;orientation&quot;:&quot;1&quot;}\" data-image-title=\"uraIMG_5356wm\" data-image-description=\"\" data-image-caption=\"\" data-large-file=\"https:\/\/www.fgautron.com\/weblog\/wp-content\/\/uraIMG_5356wm-700x467.jpg\" src=\"https:\/\/www.fgautron.com\/weblog\/wp-content\/\/uraIMG_5356wm.jpg\" alt=\"\" width=\"2000\" height=\"1333\" class=\"aligncenter size-full wp-image-32058\" srcset=\"https:\/\/www.fgautron.com\/weblog\/wp-content\/uraIMG_5356wm.jpg 2000w, https:\/\/www.fgautron.com\/weblog\/wp-content\/uraIMG_5356wm-300x200.jpg 300w, https:\/\/www.fgautron.com\/weblog\/wp-content\/uraIMG_5356wm-700x467.jpg 700w, https:\/\/www.fgautron.com\/weblog\/wp-content\/uraIMG_5356wm-1536x1024.jpg 1536w, https:\/\/www.fgautron.com\/weblog\/wp-content\/uraIMG_5356wm-800x533.jpg 800w\" sizes=\"auto, (max-width: 2000px) 100vw, 2000px\" \/><\/p>\n<p><img loading=\"lazy\" decoding=\"async\" data-attachment-id=\"32056\" data-permalink=\"https:\/\/www.fgautron.com\/weblog\/%e9%96%8f%e5%b9%b4%e3%82%a8%e3%83%b3%e3%83%87%e3%82%a3%e3%83%b3%e3%82%b0-2-5\/uraimg_5303wm\/\" data-orig-file=\"https:\/\/www.fgautron.com\/weblog\/wp-content\/\/uraIMG_5303wm.jpg\" data-orig-size=\"2000,1333\" data-comments-opened=\"1\" data-image-meta=\"{&quot;aperture&quot;:&quot;5&quot;,&quot;credit&quot;:&quot;&quot;,&quot;camera&quot;:&quot;Canon EOS 50D&quot;,&quot;caption&quot;:&quot;&quot;,&quot;created_timestamp&quot;:&quot;1609000930&quot;,&quot;copyright&quot;:&quot;&quot;,&quot;focal_length&quot;:&quot;17&quot;,&quot;iso&quot;:&quot;250&quot;,&quot;shutter_speed&quot;:&quot;0.02&quot;,&quot;title&quot;:&quot;&quot;,&quot;orientation&quot;:&quot;1&quot;}\" data-image-title=\"uraIMG_5303wm\" data-image-description=\"\" data-image-caption=\"\" data-large-file=\"https:\/\/www.fgautron.com\/weblog\/wp-content\/\/uraIMG_5303wm-700x467.jpg\" src=\"https:\/\/www.fgautron.com\/weblog\/wp-content\/\/uraIMG_5303wm.jpg\" alt=\"\" width=\"2000\" height=\"1333\" class=\"aligncenter size-full wp-image-32056\" srcset=\"https:\/\/www.fgautron.com\/weblog\/wp-content\/uraIMG_5303wm.jpg 2000w, https:\/\/www.fgautron.com\/weblog\/wp-content\/uraIMG_5303wm-300x200.jpg 300w, https:\/\/www.fgautron.com\/weblog\/wp-content\/uraIMG_5303wm-700x467.jpg 700w, https:\/\/www.fgautron.com\/weblog\/wp-content\/uraIMG_5303wm-1536x1024.jpg 1536w, https:\/\/www.fgautron.com\/weblog\/wp-content\/uraIMG_5303wm-800x533.jpg 800w\" sizes=\"auto, (max-width: 2000px) 100vw, 2000px\" \/><\/p>\n<p><img loading=\"lazy\" decoding=\"async\" data-attachment-id=\"32059\" data-permalink=\"https:\/\/www.fgautron.com\/weblog\/%e9%96%8f%e5%b9%b4%e3%82%a8%e3%83%b3%e3%83%87%e3%82%a3%e3%83%b3%e3%82%b0-2-5\/uraimg_5362wm\/\" data-orig-file=\"https:\/\/www.fgautron.com\/weblog\/wp-content\/\/uraIMG_5362wm.jpg\" data-orig-size=\"2000,1333\" data-comments-opened=\"1\" data-image-meta=\"{&quot;aperture&quot;:&quot;4&quot;,&quot;credit&quot;:&quot;&quot;,&quot;camera&quot;:&quot;Canon EOS 50D&quot;,&quot;caption&quot;:&quot;&quot;,&quot;created_timestamp&quot;:&quot;1609260687&quot;,&quot;copyright&quot;:&quot;&quot;,&quot;focal_length&quot;:&quot;17&quot;,&quot;iso&quot;:&quot;250&quot;,&quot;shutter_speed&quot;:&quot;0.166666666667&quot;,&quot;title&quot;:&quot;&quot;,&quot;orientation&quot;:&quot;1&quot;}\" data-image-title=\"uraIMG_5362wm\" data-image-description=\"\" data-image-caption=\"\" data-large-file=\"https:\/\/www.fgautron.com\/weblog\/wp-content\/\/uraIMG_5362wm-700x467.jpg\" src=\"https:\/\/www.fgautron.com\/weblog\/wp-content\/\/uraIMG_5362wm.jpg\" alt=\"\" width=\"2000\" height=\"1333\" class=\"aligncenter size-full wp-image-32059\" srcset=\"https:\/\/www.fgautron.com\/weblog\/wp-content\/uraIMG_5362wm.jpg 2000w, https:\/\/www.fgautron.com\/weblog\/wp-content\/uraIMG_5362wm-300x200.jpg 300w, https:\/\/www.fgautron.com\/weblog\/wp-content\/uraIMG_5362wm-700x467.jpg 700w, https:\/\/www.fgautron.com\/weblog\/wp-content\/uraIMG_5362wm-1536x1024.jpg 1536w, https:\/\/www.fgautron.com\/weblog\/wp-content\/uraIMG_5362wm-800x533.jpg 800w\" sizes=\"auto, (max-width: 2000px) 100vw, 2000px\" \/><\/p>\n<p><img loading=\"lazy\" decoding=\"async\" data-attachment-id=\"32057\" data-permalink=\"https:\/\/www.fgautron.com\/weblog\/%e9%96%8f%e5%b9%b4%e3%82%a8%e3%83%b3%e3%83%87%e3%82%a3%e3%83%b3%e3%82%b0-2-5\/uraimg_5304wm\/\" data-orig-file=\"https:\/\/www.fgautron.com\/weblog\/wp-content\/\/uraIMG_5304wm.jpg\" data-orig-size=\"2000,1333\" data-comments-opened=\"1\" data-image-meta=\"{&quot;aperture&quot;:&quot;4&quot;,&quot;credit&quot;:&quot;&quot;,&quot;camera&quot;:&quot;Canon EOS 50D&quot;,&quot;caption&quot;:&quot;&quot;,&quot;created_timestamp&quot;:&quot;1609000946&quot;,&quot;copyright&quot;:&quot;&quot;,&quot;focal_length&quot;:&quot;24&quot;,&quot;iso&quot;:&quot;250&quot;,&quot;shutter_speed&quot;:&quot;0.0333333333333&quot;,&quot;title&quot;:&quot;&quot;,&quot;orientation&quot;:&quot;1&quot;}\" data-image-title=\"uraIMG_5304wm\" data-image-description=\"\" data-image-caption=\"\" data-large-file=\"https:\/\/www.fgautron.com\/weblog\/wp-content\/\/uraIMG_5304wm-700x467.jpg\" src=\"https:\/\/www.fgautron.com\/weblog\/wp-content\/\/uraIMG_5304wm.jpg\" alt=\"\" width=\"2000\" height=\"1333\" class=\"aligncenter size-full wp-image-32057\" srcset=\"https:\/\/www.fgautron.com\/weblog\/wp-content\/uraIMG_5304wm.jpg 2000w, https:\/\/www.fgautron.com\/weblog\/wp-content\/uraIMG_5304wm-300x200.jpg 300w, https:\/\/www.fgautron.com\/weblog\/wp-content\/uraIMG_5304wm-700x467.jpg 700w, https:\/\/www.fgautron.com\/weblog\/wp-content\/uraIMG_5304wm-1536x1024.jpg 1536w, https:\/\/www.fgautron.com\/weblog\/wp-content\/uraIMG_5304wm-800x533.jpg 800w\" sizes=\"auto, (max-width: 2000px) 100vw, 2000px\" \/><\/p>\n<p><img loading=\"lazy\" decoding=\"async\" data-attachment-id=\"32060\" data-permalink=\"https:\/\/www.fgautron.com\/weblog\/%e9%96%8f%e5%b9%b4%e3%82%a8%e3%83%b3%e3%83%87%e3%82%a3%e3%83%b3%e3%82%b0-2-5\/uraimg_5425wm\/\" data-orig-file=\"https:\/\/www.fgautron.com\/weblog\/wp-content\/\/uraIMG_5425wm.jpg\" data-orig-size=\"2000,1286\" data-comments-opened=\"1\" data-image-meta=\"{&quot;aperture&quot;:&quot;4.5&quot;,&quot;credit&quot;:&quot;&quot;,&quot;camera&quot;:&quot;Canon EOS 50D&quot;,&quot;caption&quot;:&quot;&quot;,&quot;created_timestamp&quot;:&quot;1609349039&quot;,&quot;copyright&quot;:&quot;&quot;,&quot;focal_length&quot;:&quot;17&quot;,&quot;iso&quot;:&quot;640&quot;,&quot;shutter_speed&quot;:&quot;0.025&quot;,&quot;title&quot;:&quot;&quot;,&quot;orientation&quot;:&quot;1&quot;}\" data-image-title=\"uraIMG_5425wm\" data-image-description=\"\" data-image-caption=\"\" data-large-file=\"https:\/\/www.fgautron.com\/weblog\/wp-content\/\/uraIMG_5425wm-700x450.jpg\" src=\"https:\/\/www.fgautron.com\/weblog\/wp-content\/\/uraIMG_5425wm.jpg\" alt=\"\" width=\"2000\" height=\"1286\" class=\"aligncenter size-full wp-image-32060\" srcset=\"https:\/\/www.fgautron.com\/weblog\/wp-content\/uraIMG_5425wm.jpg 2000w, https:\/\/www.fgautron.com\/weblog\/wp-content\/uraIMG_5425wm-300x193.jpg 300w, https:\/\/www.fgautron.com\/weblog\/wp-content\/uraIMG_5425wm-700x450.jpg 700w, https:\/\/www.fgautron.com\/weblog\/wp-content\/uraIMG_5425wm-1536x988.jpg 1536w, https:\/\/www.fgautron.com\/weblog\/wp-content\/uraIMG_5425wm-800x514.jpg 800w\" sizes=\"auto, (max-width: 2000px) 100vw, 2000px\" \/><\/p>\n<p>(\u88cf\u277a) Le point d&rsquo;entr\u00e9e de ce cinqui\u00e8me billet cach\u00e9 se trouve quelque part dans un billet de la s\u00e9rie \u958f\u5e74\u30a8\u30f3\u30c7\u30a3\u30f3\u30b0 publi\u00e9e sur ce blog en D\u00e9cembre 2020. Ces images sombres sont prises principalement \u00e0 Shibuya, dans les quartiers p\u00e9riph\u00e9riques, ou parfois tr\u00e8s proche des zones n\u00e9vralgiques de la ville, comme cette photographie montrant le grand croisement de Shibuya sous l&rsquo;autoroute et au dessus de la route 246. Certaines de ces photographies ne sont pas r\u00e9centes mais n&rsquo;ont jamais \u00e9t\u00e9 publi\u00e9es car elle ne correspondaient pas exactement au reste des photographies qui auraient pu construire une s\u00e9rie. Je les montre ici pour leur donner vie, sachant qu&rsquo;elles ne seront probablement vues par personne \u00e0 part moi-m\u00eame.<\/p>\n","protected":false},"excerpt":{"rendered":"<p>(\u88cf\u277a) Le point d&rsquo;entr\u00e9e de ce cinqui\u00e8me billet cach\u00e9 se trouve quelque part dans un billet de la s\u00e9rie \u958f\u5e74\u30a8\u30f3\u30c7\u30a3\u30f3\u30b0 publi\u00e9e sur ce blog en D\u00e9cembre 2020. Ces images sombres sont prises principalement \u00e0 Shibuya, dans les quartiers p\u00e9riph\u00e9riques, ou parfois tr\u00e8s proche des zones n\u00e9vralgiques de la ville, comme cette photographie montrant le grand&#8230;<\/p>\n","protected":false},"author":1,"featured_media":0,"parent":0,"menu_order":0,"comment_status":"open","ping_status":"closed","template":"","meta":{"footnotes":""},"class_list":["post-32053","page","type-page","status-publish","hentry"],"jetpack_sharing_enabled":true,"jetpack_likes_enabled":true,"_links":{"self":[{"href":"https:\/\/www.fgautron.com\/weblog\/wp-json\/wp\/v2\/pages\/32053","targetHints":{"allow":["GET"]}}],"collection":[{"href":"https:\/\/www.fgautron.com\/weblog\/wp-json\/wp\/v2\/pages"}],"about":[{"href":"https:\/\/www.fgautron.com\/weblog\/wp-json\/wp\/v2\/types\/page"}],"author":[{"embeddable":true,"href":"https:\/\/www.fgautron.com\/weblog\/wp-json\/wp\/v2\/users\/1"}],"replies":[{"embeddable":true,"href":"https:\/\/www.fgautron.com\/weblog\/wp-json\/wp\/v2\/comments?post=32053"}],"version-history":[{"count":8,"href":"https:\/\/www.fgautron.com\/weblog\/wp-json\/wp\/v2\/pages\/32053\/revisions"}],"predecessor-version":[{"id":32068,"href":"https:\/\/www.fgautron.com\/weblog\/wp-json\/wp\/v2\/pages\/32053\/revisions\/32068"}],"wp:attachment":[{"href":"https:\/\/www.fgautron.com\/weblog\/wp-json\/wp\/v2\/media?parent=32053"}],"curies":[{"name":"wp","href":"https:\/\/api.w.org\/{rel}","templated":true}]}}