{"id":35182,"date":"2021-11-28T08:54:32","date_gmt":"2021-11-27T23:54:32","guid":{"rendered":"https:\/\/www.fgautron.com\/weblog\/?page_id=35182"},"modified":"2022-10-19T23:53:24","modified_gmt":"2022-10-19T14:53:24","slug":"every-cloud-is-grey-with-dreams-of-yesterday-6","status":"publish","type":"page","link":"https:\/\/www.fgautron.com\/weblog\/every-cloud-is-grey-with-dreams-of-yesterday-6\/","title":{"rendered":"every cloud is grey with dreams of yesterday (\u88cf)"},"content":{"rendered":"<p><img loading=\"lazy\" decoding=\"async\" data-attachment-id=\"35185\" data-permalink=\"https:\/\/www.fgautron.com\/weblog\/every-cloud-is-grey-with-dreams-of-yesterday-6\/img_9389mxm\/\" data-orig-file=\"https:\/\/www.fgautron.com\/weblog\/wp-content\/\/IMG_9389mxm.jpg\" data-orig-size=\"2000,1333\" data-comments-opened=\"1\" data-image-meta=\"{&quot;aperture&quot;:&quot;0&quot;,&quot;credit&quot;:&quot;&quot;,&quot;camera&quot;:&quot;&quot;,&quot;caption&quot;:&quot;&quot;,&quot;created_timestamp&quot;:&quot;0&quot;,&quot;copyright&quot;:&quot;&quot;,&quot;focal_length&quot;:&quot;0&quot;,&quot;iso&quot;:&quot;0&quot;,&quot;shutter_speed&quot;:&quot;0&quot;,&quot;title&quot;:&quot;&quot;,&quot;orientation&quot;:&quot;1&quot;}\" data-image-title=\"IMG_9389mxm\" data-image-description=\"\" data-image-caption=\"\" data-large-file=\"https:\/\/www.fgautron.com\/weblog\/wp-content\/\/IMG_9389mxm-700x467.jpg\" src=\"https:\/\/www.fgautron.com\/weblog\/wp-content\/\/IMG_9389mxm.jpg\" alt=\"\" width=\"2000\" height=\"1333\" class=\"aligncenter size-full wp-image-35185\" srcset=\"https:\/\/www.fgautron.com\/weblog\/wp-content\/IMG_9389mxm.jpg 2000w, https:\/\/www.fgautron.com\/weblog\/wp-content\/IMG_9389mxm-300x200.jpg 300w, https:\/\/www.fgautron.com\/weblog\/wp-content\/IMG_9389mxm-700x467.jpg 700w, https:\/\/www.fgautron.com\/weblog\/wp-content\/IMG_9389mxm-1536x1024.jpg 1536w, https:\/\/www.fgautron.com\/weblog\/wp-content\/IMG_9389mxm-800x533.jpg 800w\" sizes=\"auto, (max-width: 2000px) 100vw, 2000px\" \/><\/p>\n<p><img loading=\"lazy\" decoding=\"async\" data-attachment-id=\"35186\" data-permalink=\"https:\/\/www.fgautron.com\/weblog\/every-cloud-is-grey-with-dreams-of-yesterday-6\/img_9404mxm\/\" data-orig-file=\"https:\/\/www.fgautron.com\/weblog\/wp-content\/\/IMG_9404mxm.jpg\" data-orig-size=\"2000,1333\" data-comments-opened=\"1\" data-image-meta=\"{&quot;aperture&quot;:&quot;0&quot;,&quot;credit&quot;:&quot;&quot;,&quot;camera&quot;:&quot;&quot;,&quot;caption&quot;:&quot;&quot;,&quot;created_timestamp&quot;:&quot;0&quot;,&quot;copyright&quot;:&quot;&quot;,&quot;focal_length&quot;:&quot;0&quot;,&quot;iso&quot;:&quot;0&quot;,&quot;shutter_speed&quot;:&quot;0&quot;,&quot;title&quot;:&quot;&quot;,&quot;orientation&quot;:&quot;1&quot;}\" data-image-title=\"IMG_9404mxm\" data-image-description=\"\" data-image-caption=\"\" data-large-file=\"https:\/\/www.fgautron.com\/weblog\/wp-content\/\/IMG_9404mxm-700x467.jpg\" src=\"https:\/\/www.fgautron.com\/weblog\/wp-content\/\/IMG_9404mxm.jpg\" alt=\"\" width=\"2000\" height=\"1333\" class=\"aligncenter size-full wp-image-35186\" srcset=\"https:\/\/www.fgautron.com\/weblog\/wp-content\/IMG_9404mxm.jpg 2000w, https:\/\/www.fgautron.com\/weblog\/wp-content\/IMG_9404mxm-300x200.jpg 300w, https:\/\/www.fgautron.com\/weblog\/wp-content\/IMG_9404mxm-700x467.jpg 700w, https:\/\/www.fgautron.com\/weblog\/wp-content\/IMG_9404mxm-1536x1024.jpg 1536w, https:\/\/www.fgautron.com\/weblog\/wp-content\/IMG_9404mxm-800x533.jpg 800w\" sizes=\"auto, (max-width: 2000px) 100vw, 2000px\" \/><\/p>\n<p><img loading=\"lazy\" decoding=\"async\" data-attachment-id=\"35187\" data-permalink=\"https:\/\/www.fgautron.com\/weblog\/every-cloud-is-grey-with-dreams-of-yesterday-6\/img_9414mxm\/\" data-orig-file=\"https:\/\/www.fgautron.com\/weblog\/wp-content\/\/IMG_9414mxm.jpg\" data-orig-size=\"2000,1333\" data-comments-opened=\"1\" data-image-meta=\"{&quot;aperture&quot;:&quot;0&quot;,&quot;credit&quot;:&quot;&quot;,&quot;camera&quot;:&quot;&quot;,&quot;caption&quot;:&quot;&quot;,&quot;created_timestamp&quot;:&quot;0&quot;,&quot;copyright&quot;:&quot;&quot;,&quot;focal_length&quot;:&quot;0&quot;,&quot;iso&quot;:&quot;0&quot;,&quot;shutter_speed&quot;:&quot;0&quot;,&quot;title&quot;:&quot;&quot;,&quot;orientation&quot;:&quot;1&quot;}\" data-image-title=\"IMG_9414mxm\" data-image-description=\"\" data-image-caption=\"\" data-large-file=\"https:\/\/www.fgautron.com\/weblog\/wp-content\/\/IMG_9414mxm-700x467.jpg\" src=\"https:\/\/www.fgautron.com\/weblog\/wp-content\/\/IMG_9414mxm.jpg\" alt=\"\" width=\"2000\" height=\"1333\" class=\"aligncenter size-full wp-image-35187\" srcset=\"https:\/\/www.fgautron.com\/weblog\/wp-content\/IMG_9414mxm.jpg 2000w, https:\/\/www.fgautron.com\/weblog\/wp-content\/IMG_9414mxm-300x200.jpg 300w, https:\/\/www.fgautron.com\/weblog\/wp-content\/IMG_9414mxm-700x467.jpg 700w, https:\/\/www.fgautron.com\/weblog\/wp-content\/IMG_9414mxm-1536x1024.jpg 1536w, https:\/\/www.fgautron.com\/weblog\/wp-content\/IMG_9414mxm-800x533.jpg 800w\" sizes=\"auto, (max-width: 2000px) 100vw, 2000px\" \/><\/p>\n<p>(\u88cf\u277b) La notation \u88cf (URA) sur cette page qui veut dire \u201c\u00e0 l\u2019arri\u00e8re\u201d signifie qu&rsquo;il s&rsquo;agit d&rsquo;une version alternative des photographies montr\u00e9es sur le billet original. Ces versions alternatives sont souvent les versions que je pr\u00e9f\u00e8re par rapport aux photographies originales plus conventionnelles. Je ne les montre pourtant pas sur la page principale du blog, comme un petit tr\u00e9sor cach\u00e9 que seuls les plus aventureux trouveront peut-\u00eatre par hasard. Je me suis aussi fait \u00e0 l&rsquo;id\u00e9e que personne ne trouvera jamais cette page. Il s&rsquo;agit de la sixi\u00e8me page de ce type sur Made in Tokyo et elles n&rsquo;ont pas encore \u00e9t\u00e9 d\u00e9couverte \u00e0 ma connaissance, \u00e0 l&rsquo;heure o\u00f9 j&rsquo;\u00e9cris ces lignes.<\/p>\n","protected":false},"excerpt":{"rendered":"<p>(\u88cf\u277b) La notation \u88cf (URA) sur cette page qui veut dire \u201c\u00e0 l\u2019arri\u00e8re\u201d signifie qu&rsquo;il s&rsquo;agit d&rsquo;une version alternative des photographies montr\u00e9es sur le billet original. Ces versions alternatives sont souvent les versions que je pr\u00e9f\u00e8re par rapport aux photographies originales plus conventionnelles. Je ne les montre pourtant pas sur la page principale du blog,&#8230;<\/p>\n","protected":false},"author":1,"featured_media":0,"parent":0,"menu_order":0,"comment_status":"open","ping_status":"open","template":"","meta":{"footnotes":""},"class_list":["post-35182","page","type-page","status-publish","hentry"],"jetpack_sharing_enabled":true,"jetpack_likes_enabled":true,"_links":{"self":[{"href":"https:\/\/www.fgautron.com\/weblog\/wp-json\/wp\/v2\/pages\/35182","targetHints":{"allow":["GET"]}}],"collection":[{"href":"https:\/\/www.fgautron.com\/weblog\/wp-json\/wp\/v2\/pages"}],"about":[{"href":"https:\/\/www.fgautron.com\/weblog\/wp-json\/wp\/v2\/types\/page"}],"author":[{"embeddable":true,"href":"https:\/\/www.fgautron.com\/weblog\/wp-json\/wp\/v2\/users\/1"}],"replies":[{"embeddable":true,"href":"https:\/\/www.fgautron.com\/weblog\/wp-json\/wp\/v2\/comments?post=35182"}],"version-history":[{"count":4,"href":"https:\/\/www.fgautron.com\/weblog\/wp-json\/wp\/v2\/pages\/35182\/revisions"}],"predecessor-version":[{"id":35191,"href":"https:\/\/www.fgautron.com\/weblog\/wp-json\/wp\/v2\/pages\/35182\/revisions\/35191"}],"wp:attachment":[{"href":"https:\/\/www.fgautron.com\/weblog\/wp-json\/wp\/v2\/media?parent=35182"}],"curies":[{"name":"wp","href":"https:\/\/api.w.org\/{rel}","templated":true}]}}