{"id":36222,"date":"2022-03-28T00:04:18","date_gmt":"2022-03-27T15:04:18","guid":{"rendered":"https:\/\/www.fgautron.com\/weblog\/?page_id=36222"},"modified":"2022-10-19T23:51:33","modified_gmt":"2022-10-19T14:51:33","slug":"tsukuda-7","status":"publish","type":"page","link":"https:\/\/www.fgautron.com\/weblog\/tsukuda-7\/","title":{"rendered":"derri\u00e8re une for\u00eat d\u2019immeubles (\u88cf)"},"content":{"rendered":"<p><img loading=\"lazy\" decoding=\"async\" data-attachment-id=\"36223\" data-permalink=\"https:\/\/www.fgautron.com\/weblog\/tsukuda-7\/aimg_0513xm\/\" data-orig-file=\"https:\/\/www.fgautron.com\/weblog\/wp-content\/\/aIMG_0513xm.jpg\" data-orig-size=\"2000,1333\" data-comments-opened=\"1\" data-image-meta=\"{&quot;aperture&quot;:&quot;14&quot;,&quot;credit&quot;:&quot;&quot;,&quot;camera&quot;:&quot;Canon EOS 50D&quot;,&quot;caption&quot;:&quot;&quot;,&quot;created_timestamp&quot;:&quot;1645617302&quot;,&quot;copyright&quot;:&quot;&quot;,&quot;focal_length&quot;:&quot;17&quot;,&quot;iso&quot;:&quot;250&quot;,&quot;shutter_speed&quot;:&quot;0.002&quot;,&quot;title&quot;:&quot;&quot;,&quot;orientation&quot;:&quot;1&quot;}\" data-image-title=\"aIMG_0513xm\" data-image-description=\"\" data-image-caption=\"\" data-large-file=\"https:\/\/www.fgautron.com\/weblog\/wp-content\/\/aIMG_0513xm-700x467.jpg\" src=\"https:\/\/www.fgautron.com\/weblog\/wp-content\/\/aIMG_0513xm.jpg\" alt=\"\" width=\"2000\" height=\"1333\" class=\"aligncenter size-full wp-image-36223\" srcset=\"https:\/\/www.fgautron.com\/weblog\/wp-content\/aIMG_0513xm.jpg 2000w, https:\/\/www.fgautron.com\/weblog\/wp-content\/aIMG_0513xm-300x200.jpg 300w, https:\/\/www.fgautron.com\/weblog\/wp-content\/aIMG_0513xm-700x467.jpg 700w, https:\/\/www.fgautron.com\/weblog\/wp-content\/aIMG_0513xm-1536x1024.jpg 1536w, https:\/\/www.fgautron.com\/weblog\/wp-content\/aIMG_0513xm-800x533.jpg 800w\" sizes=\"auto, (max-width: 2000px) 100vw, 2000px\" \/><\/p>\n<p><img loading=\"lazy\" decoding=\"async\" data-attachment-id=\"36224\" data-permalink=\"https:\/\/www.fgautron.com\/weblog\/tsukuda-7\/aimg_0521xm\/\" data-orig-file=\"https:\/\/www.fgautron.com\/weblog\/wp-content\/\/aIMG_0521xm.jpg\" data-orig-size=\"2000,1333\" data-comments-opened=\"1\" data-image-meta=\"{&quot;aperture&quot;:&quot;10&quot;,&quot;credit&quot;:&quot;&quot;,&quot;camera&quot;:&quot;Canon EOS 50D&quot;,&quot;caption&quot;:&quot;&quot;,&quot;created_timestamp&quot;:&quot;1645617829&quot;,&quot;copyright&quot;:&quot;&quot;,&quot;focal_length&quot;:&quot;17&quot;,&quot;iso&quot;:&quot;250&quot;,&quot;shutter_speed&quot;:&quot;0.004&quot;,&quot;title&quot;:&quot;&quot;,&quot;orientation&quot;:&quot;1&quot;}\" data-image-title=\"aIMG_0521xm\" data-image-description=\"\" data-image-caption=\"\" data-large-file=\"https:\/\/www.fgautron.com\/weblog\/wp-content\/\/aIMG_0521xm-700x467.jpg\" src=\"https:\/\/www.fgautron.com\/weblog\/wp-content\/\/aIMG_0521xm.jpg\" alt=\"\" width=\"2000\" height=\"1333\" class=\"aligncenter size-full wp-image-36224\" srcset=\"https:\/\/www.fgautron.com\/weblog\/wp-content\/aIMG_0521xm.jpg 2000w, https:\/\/www.fgautron.com\/weblog\/wp-content\/aIMG_0521xm-300x200.jpg 300w, https:\/\/www.fgautron.com\/weblog\/wp-content\/aIMG_0521xm-700x467.jpg 700w, https:\/\/www.fgautron.com\/weblog\/wp-content\/aIMG_0521xm-1536x1024.jpg 1536w, https:\/\/www.fgautron.com\/weblog\/wp-content\/aIMG_0521xm-800x533.jpg 800w\" sizes=\"auto, (max-width: 2000px) 100vw, 2000px\" \/><\/p>\n<p><img loading=\"lazy\" decoding=\"async\" data-attachment-id=\"36225\" data-permalink=\"https:\/\/www.fgautron.com\/weblog\/tsukuda-7\/aimg_0527xm\/\" data-orig-file=\"https:\/\/www.fgautron.com\/weblog\/wp-content\/\/aIMG_0527xm.jpg\" data-orig-size=\"2000,1333\" data-comments-opened=\"1\" data-image-meta=\"{&quot;aperture&quot;:&quot;7.1&quot;,&quot;credit&quot;:&quot;&quot;,&quot;camera&quot;:&quot;Canon EOS 50D&quot;,&quot;caption&quot;:&quot;&quot;,&quot;created_timestamp&quot;:&quot;1645618130&quot;,&quot;copyright&quot;:&quot;&quot;,&quot;focal_length&quot;:&quot;17&quot;,&quot;iso&quot;:&quot;250&quot;,&quot;shutter_speed&quot;:&quot;0.008&quot;,&quot;title&quot;:&quot;&quot;,&quot;orientation&quot;:&quot;1&quot;}\" data-image-title=\"aIMG_0527xm\" data-image-description=\"\" data-image-caption=\"\" data-large-file=\"https:\/\/www.fgautron.com\/weblog\/wp-content\/\/aIMG_0527xm-700x467.jpg\" src=\"https:\/\/www.fgautron.com\/weblog\/wp-content\/\/aIMG_0527xm.jpg\" alt=\"\" width=\"2000\" height=\"1333\" class=\"aligncenter size-full wp-image-36225\" srcset=\"https:\/\/www.fgautron.com\/weblog\/wp-content\/aIMG_0527xm.jpg 2000w, https:\/\/www.fgautron.com\/weblog\/wp-content\/aIMG_0527xm-300x200.jpg 300w, https:\/\/www.fgautron.com\/weblog\/wp-content\/aIMG_0527xm-700x467.jpg 700w, https:\/\/www.fgautron.com\/weblog\/wp-content\/aIMG_0527xm-1536x1024.jpg 1536w, https:\/\/www.fgautron.com\/weblog\/wp-content\/aIMG_0527xm-800x533.jpg 800w\" sizes=\"auto, (max-width: 2000px) 100vw, 2000px\" \/><\/p>\n<p><img loading=\"lazy\" decoding=\"async\" data-attachment-id=\"36226\" data-permalink=\"https:\/\/www.fgautron.com\/weblog\/tsukuda-7\/aimg_0531xm\/\" data-orig-file=\"https:\/\/www.fgautron.com\/weblog\/wp-content\/\/aIMG_0531xm.jpg\" data-orig-size=\"2000,1333\" data-comments-opened=\"1\" data-image-meta=\"{&quot;aperture&quot;:&quot;11&quot;,&quot;credit&quot;:&quot;&quot;,&quot;camera&quot;:&quot;Canon EOS 50D&quot;,&quot;caption&quot;:&quot;&quot;,&quot;created_timestamp&quot;:&quot;1645618267&quot;,&quot;copyright&quot;:&quot;&quot;,&quot;focal_length&quot;:&quot;17&quot;,&quot;iso&quot;:&quot;250&quot;,&quot;shutter_speed&quot;:&quot;0.003125&quot;,&quot;title&quot;:&quot;&quot;,&quot;orientation&quot;:&quot;1&quot;}\" data-image-title=\"aIMG_0531xm\" data-image-description=\"\" data-image-caption=\"\" data-large-file=\"https:\/\/www.fgautron.com\/weblog\/wp-content\/\/aIMG_0531xm-700x467.jpg\" src=\"https:\/\/www.fgautron.com\/weblog\/wp-content\/\/aIMG_0531xm.jpg\" alt=\"\" width=\"2000\" height=\"1333\" class=\"aligncenter size-full wp-image-36226\" srcset=\"https:\/\/www.fgautron.com\/weblog\/wp-content\/aIMG_0531xm.jpg 2000w, https:\/\/www.fgautron.com\/weblog\/wp-content\/aIMG_0531xm-300x200.jpg 300w, https:\/\/www.fgautron.com\/weblog\/wp-content\/aIMG_0531xm-700x467.jpg 700w, https:\/\/www.fgautron.com\/weblog\/wp-content\/aIMG_0531xm-1536x1024.jpg 1536w, https:\/\/www.fgautron.com\/weblog\/wp-content\/aIMG_0531xm-800x533.jpg 800w\" sizes=\"auto, (max-width: 2000px) 100vw, 2000px\" \/><\/p>\n<p><img loading=\"lazy\" decoding=\"async\" data-attachment-id=\"36227\" data-permalink=\"https:\/\/www.fgautron.com\/weblog\/tsukuda-7\/aimg_0548xm\/\" data-orig-file=\"https:\/\/www.fgautron.com\/weblog\/wp-content\/\/aIMG_0548xm.jpg\" data-orig-size=\"2000,1333\" data-comments-opened=\"1\" data-image-meta=\"{&quot;aperture&quot;:&quot;13&quot;,&quot;credit&quot;:&quot;&quot;,&quot;camera&quot;:&quot;Canon EOS 50D&quot;,&quot;caption&quot;:&quot;&quot;,&quot;created_timestamp&quot;:&quot;1645620046&quot;,&quot;copyright&quot;:&quot;&quot;,&quot;focal_length&quot;:&quot;17&quot;,&quot;iso&quot;:&quot;250&quot;,&quot;shutter_speed&quot;:&quot;0.003125&quot;,&quot;title&quot;:&quot;&quot;,&quot;orientation&quot;:&quot;1&quot;}\" data-image-title=\"aIMG_0548xm\" data-image-description=\"\" data-image-caption=\"\" data-large-file=\"https:\/\/www.fgautron.com\/weblog\/wp-content\/\/aIMG_0548xm-700x467.jpg\" src=\"https:\/\/www.fgautron.com\/weblog\/wp-content\/\/aIMG_0548xm.jpg\" alt=\"\" width=\"2000\" height=\"1333\" class=\"aligncenter size-full wp-image-36227\" srcset=\"https:\/\/www.fgautron.com\/weblog\/wp-content\/aIMG_0548xm.jpg 2000w, https:\/\/www.fgautron.com\/weblog\/wp-content\/aIMG_0548xm-300x200.jpg 300w, https:\/\/www.fgautron.com\/weblog\/wp-content\/aIMG_0548xm-700x467.jpg 700w, https:\/\/www.fgautron.com\/weblog\/wp-content\/aIMG_0548xm-1536x1024.jpg 1536w, https:\/\/www.fgautron.com\/weblog\/wp-content\/aIMG_0548xm-800x533.jpg 800w\" sizes=\"auto, (max-width: 2000px) 100vw, 2000px\" \/><\/p>\n<p>(\u88cf\u277c) Sans raison tr\u00e8s particuli\u00e8re, \u00e9crire le billet li\u00e9 \u00e0 celui-ci sur le quartier de Tsukuda m\u2019a fait douter une fois de plus sur l\u2019utilit\u00e9 de continuer sans cesse d\u2019\u00e9crire des billets sur Made in Tokyo. Je me demande parfois s\u2019il est vraiment n\u00e9cessaire de continuer obstin\u00e9ment sans modifier sa ligne directrice. Je me dis \u00e9galement qu\u2019\u00e9crire des billets strictement \u00e0 la premi\u00e8re personne ne peut int\u00e9resser que moi-m\u00eame et qu\u2019il faudrait peut-\u00eatre que j\u2019\u00e9crive d\u2019une mani\u00e8re un peu plus neutre et descriptive. Cette \u00e9criture \u00e0 la premi\u00e8re personne me semble tout d\u2019un coup un peu juv\u00e9nile, ou plut\u00f4t mieux adapt\u00e9e \u00e0 un journal personnel qu\u2019on ne serait pas cens\u00e9 montrer \u00e0 tout le monde sur internet. Mes billets n\u2019ont pourtant rien de tr\u00e8s profond\u00e9ment personnel, ce qui est d\u2019autant plus une raison de me faire douter de cet emploi de la premi\u00e8re personne. Comme il me serait difficile de compl\u00e8tement arr\u00eater ce blog, m\u00eame de mani\u00e8re temporaire, je r\u00e9fl\u00e9chis m\u00eame \u00e0 r\u00e9duire drastiquement la longueur de mes textes. Je doute m\u00eame de l\u2019utilit\u00e9 des textes que j\u2019\u00e9cris sur la musique que j\u2019aime, car les retours sont tellement peu nombreux que je me demande m\u00eame si je suis bien lu. Il est tr\u00e8s possible que les visiteurs du blog ne survolent que les photos sans faire l\u2019effort de se plonger dans des textes qui placent ces photographies dans un contexte personnel, bien souvent compl\u00e8tement \u00e9tranger pour le visiteur. Ces questionnements apporteront ils quelque chose, je n\u2019en suis pas s\u00fbr. Je les \u00e9cris sur cette page not\u00e9e (\u88cf), c\u2019est \u00e0 dire invisible du reste du blog, \u00e0 part pour ceux qui auraient trouver la porte d\u2019entr\u00e9e. Ces questionnements me poussent aussi \u00e0 d\u00e9construire les photographies pour cr\u00e9er une r\u00e9alit\u00e9 parall\u00e8le beaucoup plus sombre. C\u2019est ce que je montre sur cette page avec quelques photos comme des reflets tortur\u00e9s des photographies originales. Il s\u2019agit de la septi\u00e8me page cach\u00e9e de la s\u00e9rie (\u88cf).<\/p>\n","protected":false},"excerpt":{"rendered":"<p>(\u88cf\u277c) Sans raison tr\u00e8s particuli\u00e8re, \u00e9crire le billet li\u00e9 \u00e0 celui-ci sur le quartier de Tsukuda m\u2019a fait douter une fois de plus sur l\u2019utilit\u00e9 de continuer sans cesse d\u2019\u00e9crire des billets sur Made in Tokyo. Je me demande parfois s\u2019il est vraiment n\u00e9cessaire de continuer obstin\u00e9ment sans modifier sa ligne directrice. Je me dis&#8230;<\/p>\n","protected":false},"author":1,"featured_media":0,"parent":0,"menu_order":0,"comment_status":"open","ping_status":"open","template":"","meta":{"footnotes":""},"class_list":["post-36222","page","type-page","status-publish","hentry"],"jetpack_sharing_enabled":true,"jetpack_likes_enabled":true,"_links":{"self":[{"href":"https:\/\/www.fgautron.com\/weblog\/wp-json\/wp\/v2\/pages\/36222","targetHints":{"allow":["GET"]}}],"collection":[{"href":"https:\/\/www.fgautron.com\/weblog\/wp-json\/wp\/v2\/pages"}],"about":[{"href":"https:\/\/www.fgautron.com\/weblog\/wp-json\/wp\/v2\/types\/page"}],"author":[{"embeddable":true,"href":"https:\/\/www.fgautron.com\/weblog\/wp-json\/wp\/v2\/users\/1"}],"replies":[{"embeddable":true,"href":"https:\/\/www.fgautron.com\/weblog\/wp-json\/wp\/v2\/comments?post=36222"}],"version-history":[{"count":4,"href":"https:\/\/www.fgautron.com\/weblog\/wp-json\/wp\/v2\/pages\/36222\/revisions"}],"predecessor-version":[{"id":36691,"href":"https:\/\/www.fgautron.com\/weblog\/wp-json\/wp\/v2\/pages\/36222\/revisions\/36691"}],"wp:attachment":[{"href":"https:\/\/www.fgautron.com\/weblog\/wp-json\/wp\/v2\/media?parent=36222"}],"curies":[{"name":"wp","href":"https:\/\/api.w.org\/{rel}","templated":true}]}}