{"id":36539,"date":"2022-05-07T23:40:02","date_gmt":"2022-05-07T14:40:02","guid":{"rendered":"https:\/\/www.fgautron.com\/weblog\/?page_id=36539"},"modified":"2022-10-19T23:49:02","modified_gmt":"2022-10-19T14:49:02","slug":"between-the-skies-8","status":"publish","type":"page","link":"https:\/\/www.fgautron.com\/weblog\/between-the-skies-8\/","title":{"rendered":"between the skies (\u88cf)"},"content":{"rendered":"<p><img loading=\"lazy\" decoding=\"async\" data-attachment-id=\"36595\" data-permalink=\"https:\/\/www.fgautron.com\/weblog\/between-the-skies-8\/img_1385wxmm\/\" data-orig-file=\"https:\/\/www.fgautron.com\/weblog\/wp-content\/\/IMG_1385wxmm.jpg\" data-orig-size=\"2000,1333\" data-comments-opened=\"1\" data-image-meta=\"{&quot;aperture&quot;:&quot;14&quot;,&quot;credit&quot;:&quot;&quot;,&quot;camera&quot;:&quot;Canon EOS 50D&quot;,&quot;caption&quot;:&quot;&quot;,&quot;created_timestamp&quot;:&quot;1650122092&quot;,&quot;copyright&quot;:&quot;&quot;,&quot;focal_length&quot;:&quot;29&quot;,&quot;iso&quot;:&quot;250&quot;,&quot;shutter_speed&quot;:&quot;0.002&quot;,&quot;title&quot;:&quot;&quot;,&quot;orientation&quot;:&quot;1&quot;}\" data-image-title=\"IMG_1385wxmm\" data-image-description=\"\" data-image-caption=\"\" data-large-file=\"https:\/\/www.fgautron.com\/weblog\/wp-content\/\/IMG_1385wxmm-700x467.jpg\" src=\"https:\/\/www.fgautron.com\/weblog\/wp-content\/\/IMG_1385wxmm.jpg\" alt=\"\" width=\"2000\" height=\"1333\" class=\"aligncenter size-full wp-image-36595\" srcset=\"https:\/\/www.fgautron.com\/weblog\/wp-content\/IMG_1385wxmm.jpg 2000w, https:\/\/www.fgautron.com\/weblog\/wp-content\/IMG_1385wxmm-300x200.jpg 300w, https:\/\/www.fgautron.com\/weblog\/wp-content\/IMG_1385wxmm-700x467.jpg 700w, https:\/\/www.fgautron.com\/weblog\/wp-content\/IMG_1385wxmm-1536x1024.jpg 1536w, https:\/\/www.fgautron.com\/weblog\/wp-content\/IMG_1385wxmm-800x533.jpg 800w\" sizes=\"auto, (max-width: 2000px) 100vw, 2000px\" \/><\/p>\n<p><img loading=\"lazy\" decoding=\"async\" data-attachment-id=\"36762\" data-permalink=\"https:\/\/www.fgautron.com\/weblog\/between-the-skies-8\/img_1390wxmm\/\" data-orig-file=\"https:\/\/www.fgautron.com\/weblog\/wp-content\/\/IMG_1390wxmm.jpg\" data-orig-size=\"2000,1333\" data-comments-opened=\"1\" data-image-meta=\"{&quot;aperture&quot;:&quot;11&quot;,&quot;credit&quot;:&quot;&quot;,&quot;camera&quot;:&quot;Canon EOS 50D&quot;,&quot;caption&quot;:&quot;&quot;,&quot;created_timestamp&quot;:&quot;1650122257&quot;,&quot;copyright&quot;:&quot;&quot;,&quot;focal_length&quot;:&quot;40&quot;,&quot;iso&quot;:&quot;250&quot;,&quot;shutter_speed&quot;:&quot;0.0015625&quot;,&quot;title&quot;:&quot;&quot;,&quot;orientation&quot;:&quot;1&quot;}\" data-image-title=\"IMG_1390wxmm\" data-image-description=\"\" data-image-caption=\"\" data-large-file=\"https:\/\/www.fgautron.com\/weblog\/wp-content\/\/IMG_1390wxmm-700x467.jpg\" src=\"https:\/\/www.fgautron.com\/weblog\/wp-content\/\/IMG_1390wxmm.jpg\" alt=\"\" width=\"2000\" height=\"1333\" class=\"aligncenter size-full wp-image-36762\" srcset=\"https:\/\/www.fgautron.com\/weblog\/wp-content\/IMG_1390wxmm.jpg 2000w, https:\/\/www.fgautron.com\/weblog\/wp-content\/IMG_1390wxmm-300x200.jpg 300w, https:\/\/www.fgautron.com\/weblog\/wp-content\/IMG_1390wxmm-700x467.jpg 700w, https:\/\/www.fgautron.com\/weblog\/wp-content\/IMG_1390wxmm-1536x1024.jpg 1536w, https:\/\/www.fgautron.com\/weblog\/wp-content\/IMG_1390wxmm-800x533.jpg 800w\" sizes=\"auto, (max-width: 2000px) 100vw, 2000px\" \/><\/p>\n<p><img loading=\"lazy\" decoding=\"async\" data-attachment-id=\"36597\" data-permalink=\"https:\/\/www.fgautron.com\/weblog\/between-the-skies-8\/img_1411wxmm\/\" data-orig-file=\"https:\/\/www.fgautron.com\/weblog\/wp-content\/\/IMG_1411wxmm.jpg\" data-orig-size=\"2000,1333\" data-comments-opened=\"1\" data-image-meta=\"{&quot;aperture&quot;:&quot;7.1&quot;,&quot;credit&quot;:&quot;&quot;,&quot;camera&quot;:&quot;Canon EOS 50D&quot;,&quot;caption&quot;:&quot;&quot;,&quot;created_timestamp&quot;:&quot;1650127590&quot;,&quot;copyright&quot;:&quot;&quot;,&quot;focal_length&quot;:&quot;40&quot;,&quot;iso&quot;:&quot;250&quot;,&quot;shutter_speed&quot;:&quot;0.005&quot;,&quot;title&quot;:&quot;&quot;,&quot;orientation&quot;:&quot;1&quot;}\" data-image-title=\"IMG_1411wxmm\" data-image-description=\"\" data-image-caption=\"\" data-large-file=\"https:\/\/www.fgautron.com\/weblog\/wp-content\/\/IMG_1411wxmm-700x467.jpg\" src=\"https:\/\/www.fgautron.com\/weblog\/wp-content\/\/IMG_1411wxmm.jpg\" alt=\"\" width=\"2000\" height=\"1333\" class=\"aligncenter size-full wp-image-36597\" srcset=\"https:\/\/www.fgautron.com\/weblog\/wp-content\/IMG_1411wxmm.jpg 2000w, https:\/\/www.fgautron.com\/weblog\/wp-content\/IMG_1411wxmm-300x200.jpg 300w, https:\/\/www.fgautron.com\/weblog\/wp-content\/IMG_1411wxmm-700x467.jpg 700w, https:\/\/www.fgautron.com\/weblog\/wp-content\/IMG_1411wxmm-1536x1024.jpg 1536w, https:\/\/www.fgautron.com\/weblog\/wp-content\/IMG_1411wxmm-800x533.jpg 800w\" sizes=\"auto, (max-width: 2000px) 100vw, 2000px\" \/><\/p>\n<p><img loading=\"lazy\" decoding=\"async\" data-attachment-id=\"36598\" data-permalink=\"https:\/\/www.fgautron.com\/weblog\/between-the-skies-8\/img_1392wxmm\/\" data-orig-file=\"https:\/\/www.fgautron.com\/weblog\/wp-content\/\/IMG_1392wxmm.jpg\" data-orig-size=\"2000,1311\" data-comments-opened=\"1\" data-image-meta=\"{&quot;aperture&quot;:&quot;9&quot;,&quot;credit&quot;:&quot;&quot;,&quot;camera&quot;:&quot;Canon EOS 50D&quot;,&quot;caption&quot;:&quot;&quot;,&quot;created_timestamp&quot;:&quot;1650122262&quot;,&quot;copyright&quot;:&quot;&quot;,&quot;focal_length&quot;:&quot;40&quot;,&quot;iso&quot;:&quot;250&quot;,&quot;shutter_speed&quot;:&quot;0.0025&quot;,&quot;title&quot;:&quot;&quot;,&quot;orientation&quot;:&quot;1&quot;}\" data-image-title=\"IMG_1392wxmm\" data-image-description=\"\" data-image-caption=\"\" data-large-file=\"https:\/\/www.fgautron.com\/weblog\/wp-content\/\/IMG_1392wxmm-700x459.jpg\" src=\"https:\/\/www.fgautron.com\/weblog\/wp-content\/\/IMG_1392wxmm.jpg\" alt=\"\" width=\"2000\" height=\"1311\" class=\"aligncenter size-full wp-image-36598\" srcset=\"https:\/\/www.fgautron.com\/weblog\/wp-content\/IMG_1392wxmm.jpg 2000w, https:\/\/www.fgautron.com\/weblog\/wp-content\/IMG_1392wxmm-300x197.jpg 300w, https:\/\/www.fgautron.com\/weblog\/wp-content\/IMG_1392wxmm-700x459.jpg 700w, https:\/\/www.fgautron.com\/weblog\/wp-content\/IMG_1392wxmm-1536x1007.jpg 1536w, https:\/\/www.fgautron.com\/weblog\/wp-content\/IMG_1392wxmm-800x524.jpg 800w\" sizes=\"auto, (max-width: 2000px) 100vw, 2000px\" \/><\/p>\n<p><img loading=\"lazy\" decoding=\"async\" data-attachment-id=\"36602\" data-permalink=\"https:\/\/www.fgautron.com\/weblog\/between-the-skies-8\/img_1388wxmm-2\/\" data-orig-file=\"https:\/\/www.fgautron.com\/weblog\/wp-content\/\/IMG_1388wxmm-1.jpg\" data-orig-size=\"2000,1333\" data-comments-opened=\"1\" data-image-meta=\"{&quot;aperture&quot;:&quot;13&quot;,&quot;credit&quot;:&quot;&quot;,&quot;camera&quot;:&quot;Canon EOS 50D&quot;,&quot;caption&quot;:&quot;&quot;,&quot;created_timestamp&quot;:&quot;1650122144&quot;,&quot;copyright&quot;:&quot;&quot;,&quot;focal_length&quot;:&quot;40&quot;,&quot;iso&quot;:&quot;250&quot;,&quot;shutter_speed&quot;:&quot;0.00125&quot;,&quot;title&quot;:&quot;&quot;,&quot;orientation&quot;:&quot;1&quot;}\" data-image-title=\"IMG_1388wxmm\" data-image-description=\"\" data-image-caption=\"\" data-large-file=\"https:\/\/www.fgautron.com\/weblog\/wp-content\/\/IMG_1388wxmm-1-700x467.jpg\" src=\"https:\/\/www.fgautron.com\/weblog\/wp-content\/\/IMG_1388wxmm-1.jpg\" alt=\"\" width=\"2000\" height=\"1333\" class=\"aligncenter size-full wp-image-36602\" srcset=\"https:\/\/www.fgautron.com\/weblog\/wp-content\/IMG_1388wxmm-1.jpg 2000w, https:\/\/www.fgautron.com\/weblog\/wp-content\/IMG_1388wxmm-1-300x200.jpg 300w, https:\/\/www.fgautron.com\/weblog\/wp-content\/IMG_1388wxmm-1-700x467.jpg 700w, https:\/\/www.fgautron.com\/weblog\/wp-content\/IMG_1388wxmm-1-1536x1024.jpg 1536w, https:\/\/www.fgautron.com\/weblog\/wp-content\/IMG_1388wxmm-1-800x533.jpg 800w\" sizes=\"auto, (max-width: 2000px) 100vw, 2000px\" \/><\/p>\n<p><img loading=\"lazy\" decoding=\"async\" data-attachment-id=\"36600\" data-permalink=\"https:\/\/www.fgautron.com\/weblog\/between-the-skies-8\/img_1393wxmm\/\" data-orig-file=\"https:\/\/www.fgautron.com\/weblog\/wp-content\/\/IMG_1393wxmm.jpg\" data-orig-size=\"2000,1333\" data-comments-opened=\"1\" data-image-meta=\"{&quot;aperture&quot;:&quot;13&quot;,&quot;credit&quot;:&quot;&quot;,&quot;camera&quot;:&quot;Canon EOS 50D&quot;,&quot;caption&quot;:&quot;&quot;,&quot;created_timestamp&quot;:&quot;1650122324&quot;,&quot;copyright&quot;:&quot;&quot;,&quot;focal_length&quot;:&quot;29&quot;,&quot;iso&quot;:&quot;250&quot;,&quot;shutter_speed&quot;:&quot;0.0025&quot;,&quot;title&quot;:&quot;&quot;,&quot;orientation&quot;:&quot;1&quot;}\" data-image-title=\"IMG_1393wxmm\" data-image-description=\"\" data-image-caption=\"\" data-large-file=\"https:\/\/www.fgautron.com\/weblog\/wp-content\/\/IMG_1393wxmm-700x467.jpg\" src=\"https:\/\/www.fgautron.com\/weblog\/wp-content\/\/IMG_1393wxmm.jpg\" alt=\"\" width=\"2000\" height=\"1333\" class=\"aligncenter size-full wp-image-36600\" srcset=\"https:\/\/www.fgautron.com\/weblog\/wp-content\/IMG_1393wxmm.jpg 2000w, https:\/\/www.fgautron.com\/weblog\/wp-content\/IMG_1393wxmm-300x200.jpg 300w, https:\/\/www.fgautron.com\/weblog\/wp-content\/IMG_1393wxmm-700x467.jpg 700w, https:\/\/www.fgautron.com\/weblog\/wp-content\/IMG_1393wxmm-1536x1024.jpg 1536w, https:\/\/www.fgautron.com\/weblog\/wp-content\/IMG_1393wxmm-800x533.jpg 800w\" sizes=\"auto, (max-width: 2000px) 100vw, 2000px\" \/><\/p>\n<p>(\u88cf\u277d) Il s\u2019agit du huiti\u00e8me billet cach\u00e9 derri\u00e8re un autre que je publie et je pense qu\u2019aucun d\u2019entre eux n\u2019a encore \u00e9t\u00e9 d\u00e9couvert. Je me demande parfois pourquoi je persiste \u00e0 publier des billets difficiles \u00e0 trouver, mais j\u2019aime bien cette id\u00e9e de passage secret qui ne sera peut \u00eatre d\u00e9couvert que dans de nombreuses ann\u00e9es. Ou peut \u00eatre jamais. J\u2019aspire peut \u00eatre \u00e0 ce que ce blog tout entier soit cach\u00e9. J\u2019ai m\u00eame pens\u00e9 quelques fois changer soudainement le nom de domaine du site pour qu\u2019il disparaisse de son adresse actuelle, et renaisse en quelque sorte dans un autre lieu. Comme un sous-marin qui s\u2019enfonce dans l\u2019oc\u00e9an et refait surface \u00e0 l\u2019autre bout du monde. Je n\u2019essaie pas de chercher une signification profonde \u00e0 cela, mais c\u2019est certainement li\u00e9 \u00e0 un d\u00e9sir de libert\u00e9, celui de se lib\u00e9rer des contraintes d\u2019\u00e9criture qui fait que je me retiens \u00e0 \u00e9crire certaines choses. Parfois, j\u2019aimerais aussi rendre ce blog anonyme mais difficile avec un nom de domaine qui contient mon nom de famille. Ce blog vivra tant que j\u2019aurais tous ces questionnements.<\/p>\n","protected":false},"excerpt":{"rendered":"<p>(\u88cf\u277d) Il s\u2019agit du huiti\u00e8me billet cach\u00e9 derri\u00e8re un autre que je publie et je pense qu\u2019aucun d\u2019entre eux n\u2019a encore \u00e9t\u00e9 d\u00e9couvert. Je me demande parfois pourquoi je persiste \u00e0 publier des billets difficiles \u00e0 trouver, mais j\u2019aime bien cette id\u00e9e de passage secret qui ne sera peut \u00eatre d\u00e9couvert que dans de nombreuses&#8230;<\/p>\n","protected":false},"author":1,"featured_media":0,"parent":0,"menu_order":0,"comment_status":"open","ping_status":"open","template":"","meta":{"footnotes":""},"class_list":["post-36539","page","type-page","status-publish","hentry"],"jetpack_sharing_enabled":true,"jetpack_likes_enabled":true,"_links":{"self":[{"href":"https:\/\/www.fgautron.com\/weblog\/wp-json\/wp\/v2\/pages\/36539","targetHints":{"allow":["GET"]}}],"collection":[{"href":"https:\/\/www.fgautron.com\/weblog\/wp-json\/wp\/v2\/pages"}],"about":[{"href":"https:\/\/www.fgautron.com\/weblog\/wp-json\/wp\/v2\/types\/page"}],"author":[{"embeddable":true,"href":"https:\/\/www.fgautron.com\/weblog\/wp-json\/wp\/v2\/users\/1"}],"replies":[{"embeddable":true,"href":"https:\/\/www.fgautron.com\/weblog\/wp-json\/wp\/v2\/comments?post=36539"}],"version-history":[{"count":7,"href":"https:\/\/www.fgautron.com\/weblog\/wp-json\/wp\/v2\/pages\/36539\/revisions"}],"predecessor-version":[{"id":36764,"href":"https:\/\/www.fgautron.com\/weblog\/wp-json\/wp\/v2\/pages\/36539\/revisions\/36764"}],"wp:attachment":[{"href":"https:\/\/www.fgautron.com\/weblog\/wp-json\/wp\/v2\/media?parent=36539"}],"curies":[{"name":"wp","href":"https:\/\/api.w.org\/{rel}","templated":true}]}}