{"id":38376,"date":"2022-10-16T08:11:02","date_gmt":"2022-10-15T23:11:02","guid":{"rendered":"https:\/\/www.fgautron.com\/weblog\/?page_id=38376"},"modified":"2022-10-19T23:43:58","modified_gmt":"2022-10-19T14:43:58","slug":"dareyoudrive-mycrashedcar-10","status":"publish","type":"page","link":"https:\/\/www.fgautron.com\/weblog\/dareyoudrive-mycrashedcar-10\/","title":{"rendered":"\u03b4\u0410r\u044d \u0447o\u1f56 driv\u044d \u043cy \u03dar\u03b1shed c\u0430\u0433 (\u88cf)"},"content":{"rendered":"<p><img loading=\"lazy\" decoding=\"async\" data-attachment-id=\"38377\" data-permalink=\"https:\/\/www.fgautron.com\/weblog\/dareyoudrive-mycrashedcar-10\/bimg_2453zm\/\" data-orig-file=\"https:\/\/www.fgautron.com\/weblog\/wp-content\/\/bIMG_2453zm.jpg\" data-orig-size=\"2000,1333\" data-comments-opened=\"1\" data-image-meta=\"{&quot;aperture&quot;:&quot;14&quot;,&quot;credit&quot;:&quot;&quot;,&quot;camera&quot;:&quot;Canon EOS 50D&quot;,&quot;caption&quot;:&quot;&quot;,&quot;created_timestamp&quot;:&quot;1531007520&quot;,&quot;copyright&quot;:&quot;&quot;,&quot;focal_length&quot;:&quot;40&quot;,&quot;iso&quot;:&quot;250&quot;,&quot;shutter_speed&quot;:&quot;0.00125&quot;,&quot;title&quot;:&quot;&quot;,&quot;orientation&quot;:&quot;1&quot;}\" data-image-title=\"bIMG_2453zm\" data-image-description=\"\" data-image-caption=\"\" data-large-file=\"https:\/\/www.fgautron.com\/weblog\/wp-content\/\/bIMG_2453zm-700x467.jpg\" src=\"https:\/\/www.fgautron.com\/weblog\/wp-content\/\/bIMG_2453zm.jpg\" alt=\"\" width=\"2000\" height=\"1333\" class=\"aligncenter size-full wp-image-38377\" srcset=\"https:\/\/www.fgautron.com\/weblog\/wp-content\/bIMG_2453zm.jpg 2000w, https:\/\/www.fgautron.com\/weblog\/wp-content\/bIMG_2453zm-300x200.jpg 300w, https:\/\/www.fgautron.com\/weblog\/wp-content\/bIMG_2453zm-700x467.jpg 700w, https:\/\/www.fgautron.com\/weblog\/wp-content\/bIMG_2453zm-1536x1024.jpg 1536w, https:\/\/www.fgautron.com\/weblog\/wp-content\/bIMG_2453zm-800x533.jpg 800w\" sizes=\"auto, (max-width: 2000px) 100vw, 2000px\" \/><\/p>\n<p><img loading=\"lazy\" decoding=\"async\" data-attachment-id=\"38378\" data-permalink=\"https:\/\/www.fgautron.com\/weblog\/dareyoudrive-mycrashedcar-10\/bimg_3474zm\/\" data-orig-file=\"https:\/\/www.fgautron.com\/weblog\/wp-content\/\/bIMG_3474zm.jpg\" data-orig-size=\"2000,1333\" data-comments-opened=\"1\" data-image-meta=\"{&quot;aperture&quot;:&quot;5&quot;,&quot;credit&quot;:&quot;&quot;,&quot;camera&quot;:&quot;Canon EOS 50D&quot;,&quot;caption&quot;:&quot;&quot;,&quot;created_timestamp&quot;:&quot;1662200240&quot;,&quot;copyright&quot;:&quot;&quot;,&quot;focal_length&quot;:&quot;36&quot;,&quot;iso&quot;:&quot;200&quot;,&quot;shutter_speed&quot;:&quot;0.0125&quot;,&quot;title&quot;:&quot;&quot;,&quot;orientation&quot;:&quot;1&quot;}\" data-image-title=\"bIMG_3474zm\" data-image-description=\"\" data-image-caption=\"\" data-large-file=\"https:\/\/www.fgautron.com\/weblog\/wp-content\/\/bIMG_3474zm-700x467.jpg\" src=\"https:\/\/www.fgautron.com\/weblog\/wp-content\/\/bIMG_3474zm.jpg\" alt=\"\" width=\"2000\" height=\"1333\" class=\"aligncenter size-full wp-image-38378\" srcset=\"https:\/\/www.fgautron.com\/weblog\/wp-content\/bIMG_3474zm.jpg 2000w, https:\/\/www.fgautron.com\/weblog\/wp-content\/bIMG_3474zm-300x200.jpg 300w, https:\/\/www.fgautron.com\/weblog\/wp-content\/bIMG_3474zm-700x467.jpg 700w, https:\/\/www.fgautron.com\/weblog\/wp-content\/bIMG_3474zm-1536x1024.jpg 1536w, https:\/\/www.fgautron.com\/weblog\/wp-content\/bIMG_3474zm-800x533.jpg 800w\" sizes=\"auto, (max-width: 2000px) 100vw, 2000px\" \/><\/p>\n<p><img loading=\"lazy\" decoding=\"async\" data-attachment-id=\"38379\" data-permalink=\"https:\/\/www.fgautron.com\/weblog\/dareyoudrive-mycrashedcar-10\/bimg_2454zm\/\" data-orig-file=\"https:\/\/www.fgautron.com\/weblog\/wp-content\/\/bIMG_2454zm.jpg\" data-orig-size=\"2000,1333\" data-comments-opened=\"1\" data-image-meta=\"{&quot;aperture&quot;:&quot;14&quot;,&quot;credit&quot;:&quot;&quot;,&quot;camera&quot;:&quot;Canon EOS 50D&quot;,&quot;caption&quot;:&quot;&quot;,&quot;created_timestamp&quot;:&quot;1531007523&quot;,&quot;copyright&quot;:&quot;&quot;,&quot;focal_length&quot;:&quot;40&quot;,&quot;iso&quot;:&quot;250&quot;,&quot;shutter_speed&quot;:&quot;0.001&quot;,&quot;title&quot;:&quot;&quot;,&quot;orientation&quot;:&quot;1&quot;}\" data-image-title=\"bIMG_2454zm\" data-image-description=\"\" data-image-caption=\"\" data-large-file=\"https:\/\/www.fgautron.com\/weblog\/wp-content\/\/bIMG_2454zm-700x467.jpg\" src=\"https:\/\/www.fgautron.com\/weblog\/wp-content\/\/bIMG_2454zm.jpg\" alt=\"\" width=\"2000\" height=\"1333\" class=\"aligncenter size-full wp-image-38379\" srcset=\"https:\/\/www.fgautron.com\/weblog\/wp-content\/bIMG_2454zm.jpg 2000w, https:\/\/www.fgautron.com\/weblog\/wp-content\/bIMG_2454zm-300x200.jpg 300w, https:\/\/www.fgautron.com\/weblog\/wp-content\/bIMG_2454zm-700x467.jpg 700w, https:\/\/www.fgautron.com\/weblog\/wp-content\/bIMG_2454zm-1536x1024.jpg 1536w, https:\/\/www.fgautron.com\/weblog\/wp-content\/bIMG_2454zm-800x533.jpg 800w\" sizes=\"auto, (max-width: 2000px) 100vw, 2000px\" \/><\/p>\n<p><img loading=\"lazy\" decoding=\"async\" data-attachment-id=\"38380\" data-permalink=\"https:\/\/www.fgautron.com\/weblog\/dareyoudrive-mycrashedcar-10\/bimg_3130zm\/\" data-orig-file=\"https:\/\/www.fgautron.com\/weblog\/wp-content\/\/bIMG_3130zm.jpg\" data-orig-size=\"2000,1315\" data-comments-opened=\"1\" data-image-meta=\"{&quot;aperture&quot;:&quot;11&quot;,&quot;credit&quot;:&quot;&quot;,&quot;camera&quot;:&quot;Canon EOS 50D&quot;,&quot;caption&quot;:&quot;&quot;,&quot;created_timestamp&quot;:&quot;1659702582&quot;,&quot;copyright&quot;:&quot;&quot;,&quot;focal_length&quot;:&quot;17&quot;,&quot;iso&quot;:&quot;250&quot;,&quot;shutter_speed&quot;:&quot;0.004&quot;,&quot;title&quot;:&quot;&quot;,&quot;orientation&quot;:&quot;1&quot;}\" data-image-title=\"bIMG_3130zm\" data-image-description=\"\" data-image-caption=\"\" data-large-file=\"https:\/\/www.fgautron.com\/weblog\/wp-content\/\/bIMG_3130zm-700x460.jpg\" src=\"https:\/\/www.fgautron.com\/weblog\/wp-content\/\/bIMG_3130zm.jpg\" alt=\"\" width=\"2000\" height=\"1315\" class=\"aligncenter size-full wp-image-38380\" srcset=\"https:\/\/www.fgautron.com\/weblog\/wp-content\/bIMG_3130zm.jpg 2000w, https:\/\/www.fgautron.com\/weblog\/wp-content\/bIMG_3130zm-300x197.jpg 300w, https:\/\/www.fgautron.com\/weblog\/wp-content\/bIMG_3130zm-700x460.jpg 700w, https:\/\/www.fgautron.com\/weblog\/wp-content\/bIMG_3130zm-1536x1010.jpg 1536w, https:\/\/www.fgautron.com\/weblog\/wp-content\/bIMG_3130zm-800x526.jpg 800w\" sizes=\"auto, (max-width: 2000px) 100vw, 2000px\" \/><\/p>\n<p><img loading=\"lazy\" decoding=\"async\" data-attachment-id=\"38381\" data-permalink=\"https:\/\/www.fgautron.com\/weblog\/dareyoudrive-mycrashedcar-10\/bimg_3566zm\/\" data-orig-file=\"https:\/\/www.fgautron.com\/weblog\/wp-content\/\/bIMG_3566zm.jpg\" data-orig-size=\"2000,1322\" data-comments-opened=\"1\" data-image-meta=\"{&quot;aperture&quot;:&quot;6.3&quot;,&quot;credit&quot;:&quot;&quot;,&quot;camera&quot;:&quot;Canon EOS 50D&quot;,&quot;caption&quot;:&quot;&quot;,&quot;created_timestamp&quot;:&quot;1662814446&quot;,&quot;copyright&quot;:&quot;&quot;,&quot;focal_length&quot;:&quot;40&quot;,&quot;iso&quot;:&quot;320&quot;,&quot;shutter_speed&quot;:&quot;0.00625&quot;,&quot;title&quot;:&quot;&quot;,&quot;orientation&quot;:&quot;1&quot;}\" data-image-title=\"bIMG_3566zm\" data-image-description=\"\" data-image-caption=\"\" data-large-file=\"https:\/\/www.fgautron.com\/weblog\/wp-content\/\/bIMG_3566zm-700x463.jpg\" src=\"https:\/\/www.fgautron.com\/weblog\/wp-content\/\/bIMG_3566zm.jpg\" alt=\"\" width=\"2000\" height=\"1322\" class=\"aligncenter size-full wp-image-38381\" srcset=\"https:\/\/www.fgautron.com\/weblog\/wp-content\/bIMG_3566zm.jpg 2000w, https:\/\/www.fgautron.com\/weblog\/wp-content\/bIMG_3566zm-300x198.jpg 300w, https:\/\/www.fgautron.com\/weblog\/wp-content\/bIMG_3566zm-700x463.jpg 700w, https:\/\/www.fgautron.com\/weblog\/wp-content\/bIMG_3566zm-1536x1015.jpg 1536w, https:\/\/www.fgautron.com\/weblog\/wp-content\/bIMG_3566zm-800x529.jpg 800w\" sizes=\"auto, (max-width: 2000px) 100vw, 2000px\" \/><\/p>\n<p><img loading=\"lazy\" decoding=\"async\" data-attachment-id=\"38382\" data-permalink=\"https:\/\/www.fgautron.com\/weblog\/dareyoudrive-mycrashedcar-10\/bimg_2456zm\/\" data-orig-file=\"https:\/\/www.fgautron.com\/weblog\/wp-content\/\/bIMG_2456zm.jpg\" data-orig-size=\"2000,1333\" data-comments-opened=\"1\" data-image-meta=\"{&quot;aperture&quot;:&quot;16&quot;,&quot;credit&quot;:&quot;&quot;,&quot;camera&quot;:&quot;Canon EOS 50D&quot;,&quot;caption&quot;:&quot;&quot;,&quot;created_timestamp&quot;:&quot;1531007529&quot;,&quot;copyright&quot;:&quot;&quot;,&quot;focal_length&quot;:&quot;39&quot;,&quot;iso&quot;:&quot;250&quot;,&quot;shutter_speed&quot;:&quot;0.00125&quot;,&quot;title&quot;:&quot;&quot;,&quot;orientation&quot;:&quot;1&quot;}\" data-image-title=\"bIMG_2456zm\" data-image-description=\"\" data-image-caption=\"\" data-large-file=\"https:\/\/www.fgautron.com\/weblog\/wp-content\/\/bIMG_2456zm-700x467.jpg\" src=\"https:\/\/www.fgautron.com\/weblog\/wp-content\/\/bIMG_2456zm.jpg\" alt=\"\" width=\"2000\" height=\"1333\" class=\"aligncenter size-full wp-image-38382\" srcset=\"https:\/\/www.fgautron.com\/weblog\/wp-content\/bIMG_2456zm.jpg 2000w, https:\/\/www.fgautron.com\/weblog\/wp-content\/bIMG_2456zm-300x200.jpg 300w, https:\/\/www.fgautron.com\/weblog\/wp-content\/bIMG_2456zm-700x467.jpg 700w, https:\/\/www.fgautron.com\/weblog\/wp-content\/bIMG_2456zm-1536x1024.jpg 1536w, https:\/\/www.fgautron.com\/weblog\/wp-content\/bIMG_2456zm-800x533.jpg 800w\" sizes=\"auto, (max-width: 2000px) 100vw, 2000px\" \/><\/p>\n<p>(\u88cf\u2793) Ces images du dixi\u00e8me \u00e9pisode de la s\u00e9rie underground Ura (\u88cf) entrent en correspondance assez directe avec le texte du billet principal auquel ce billet est li\u00e9, dans le sens o\u00f9 je montre l\u00e0 encore des ondes lumineuses \u00e9lectriques qui n\u2019en font qu\u2019\u00e0 leur t\u00eate. En \u00e9crivant ce billet, il me vient \u00e0 l\u2019id\u00e9e de progressivement mettre \u00e0 jour ces billets de la s\u00e9rie Ura (\u88cf) en y ajoutant des choses, des liens vers certaines musiques \u00e0 tendance underground, des captures d\u2019\u00e9crans de choses que je veux conserver en m\u00e9moire sans pour autant les mettre compl\u00e8tement en avant sur une page du blog. Peut-\u00eatre que dix pages seulement dans cette s\u00e9rie Ura (\u88cf) seraient utiles et n\u00e9cessaires pour ce besoin. En fait, j\u2019en ajouterais certainement d\u2019autres au fur et \u00e0 mesure mais je pense \u00e9galement donner une piste assez concr\u00e8te sur l\u2019existence de ces pages dans un futur billet.<\/p>\n<p><img loading=\"lazy\" decoding=\"async\" data-attachment-id=\"38400\" data-permalink=\"https:\/\/www.fgautron.com\/weblog\/dareyoudrive-mycrashedcar-10\/asaka-sr-01\/\" data-orig-file=\"https:\/\/www.fgautron.com\/weblog\/wp-content\/\/asaka-sr-01.jpg\" data-orig-size=\"600,1066\" data-comments-opened=\"1\" data-image-meta=\"{&quot;aperture&quot;:&quot;0&quot;,&quot;credit&quot;:&quot;&quot;,&quot;camera&quot;:&quot;&quot;,&quot;caption&quot;:&quot;&quot;,&quot;created_timestamp&quot;:&quot;0&quot;,&quot;copyright&quot;:&quot;&quot;,&quot;focal_length&quot;:&quot;0&quot;,&quot;iso&quot;:&quot;0&quot;,&quot;shutter_speed&quot;:&quot;0&quot;,&quot;title&quot;:&quot;&quot;,&quot;orientation&quot;:&quot;1&quot;}\" data-image-title=\"asaka-sr-01\" data-image-description=\"\" data-image-caption=\"\" data-large-file=\"https:\/\/www.fgautron.com\/weblog\/wp-content\/\/asaka-sr-01.jpg\" src=\"https:\/\/www.fgautron.com\/weblog\/wp-content\/\/asaka-sr-01.jpg\" alt=\"\" width=\"600\" height=\"1066\" class=\"aligncenter size-full wp-image-38400\" srcset=\"https:\/\/www.fgautron.com\/weblog\/wp-content\/asaka-sr-01.jpg 600w, https:\/\/www.fgautron.com\/weblog\/wp-content\/asaka-sr-01-169x300.jpg 169w\" sizes=\"auto, (max-width: 600px) 100vw, 600px\" \/><\/p>\n<p><a href=\"https:\/\/www.instagram.com\/a__s__a__k__a\/\">a__s__a__k__a<\/a> \u00e9coutant Onaji Yoru (\u540c\u3058\u591c) de Sheena Ringo (\u690e\u540d\u6797\u6a8e) sur Muzai Moratorium (\u7121\u7f6a\u30e2\u30e9\u30c8\u30ea\u30a2\u30e0). Je suis son compte Instagram depuis que j\u2019ai vu cette photo au hasard des explorations et recommandations auto-g\u00e9n\u00e9r\u00e9es par Instagram.<\/p>\n<p><img loading=\"lazy\" decoding=\"async\" data-attachment-id=\"38401\" data-permalink=\"https:\/\/www.fgautron.com\/weblog\/dareyoudrive-mycrashedcar-10\/masoma-twt1\/\" data-orig-file=\"https:\/\/www.fgautron.com\/weblog\/wp-content\/\/masoma-twt1.jpg\" data-orig-size=\"600,553\" data-comments-opened=\"1\" data-image-meta=\"{&quot;aperture&quot;:&quot;0&quot;,&quot;credit&quot;:&quot;&quot;,&quot;camera&quot;:&quot;&quot;,&quot;caption&quot;:&quot;&quot;,&quot;created_timestamp&quot;:&quot;0&quot;,&quot;copyright&quot;:&quot;&quot;,&quot;focal_length&quot;:&quot;0&quot;,&quot;iso&quot;:&quot;0&quot;,&quot;shutter_speed&quot;:&quot;0&quot;,&quot;title&quot;:&quot;&quot;,&quot;orientation&quot;:&quot;1&quot;}\" data-image-title=\"masoma-twt1\" data-image-description=\"\" data-image-caption=\"\" data-large-file=\"https:\/\/www.fgautron.com\/weblog\/wp-content\/\/masoma-twt1.jpg\" src=\"https:\/\/www.fgautron.com\/weblog\/wp-content\/\/masoma-twt1.jpg\" alt=\"\" width=\"600\" height=\"553\" class=\"aligncenter size-full wp-image-38401\" srcset=\"https:\/\/www.fgautron.com\/weblog\/wp-content\/masoma-twt1.jpg 600w, https:\/\/www.fgautron.com\/weblog\/wp-content\/masoma-twt1-300x277.jpg 300w\" sizes=\"auto, (max-width: 600px) 100vw, 600px\" \/><\/p>\n<p><img loading=\"lazy\" decoding=\"async\" data-attachment-id=\"38402\" data-permalink=\"https:\/\/www.fgautron.com\/weblog\/dareyoudrive-mycrashedcar-10\/masoma-twt2\/\" data-orig-file=\"https:\/\/www.fgautron.com\/weblog\/wp-content\/\/masoma-twt2.jpg\" data-orig-size=\"600,835\" data-comments-opened=\"1\" data-image-meta=\"{&quot;aperture&quot;:&quot;0&quot;,&quot;credit&quot;:&quot;&quot;,&quot;camera&quot;:&quot;&quot;,&quot;caption&quot;:&quot;&quot;,&quot;created_timestamp&quot;:&quot;0&quot;,&quot;copyright&quot;:&quot;&quot;,&quot;focal_length&quot;:&quot;0&quot;,&quot;iso&quot;:&quot;0&quot;,&quot;shutter_speed&quot;:&quot;0&quot;,&quot;title&quot;:&quot;&quot;,&quot;orientation&quot;:&quot;1&quot;}\" data-image-title=\"masoma-twt2\" data-image-description=\"\" data-image-caption=\"\" data-large-file=\"https:\/\/www.fgautron.com\/weblog\/wp-content\/\/masoma-twt2.jpg\" src=\"https:\/\/www.fgautron.com\/weblog\/wp-content\/\/masoma-twt2.jpg\" alt=\"\" width=\"600\" height=\"835\" class=\"aligncenter size-full wp-image-38402\" srcset=\"https:\/\/www.fgautron.com\/weblog\/wp-content\/masoma-twt2.jpg 600w, https:\/\/www.fgautron.com\/weblog\/wp-content\/masoma-twt2-216x300.jpg 216w\" sizes=\"auto, (max-width: 600px) 100vw, 600px\" \/><\/p>\n<p>1797071 (Mako de Ms Machine) <a href=\"https:\/\/twitter.com\/mybf10d\/status\/1579323486983839747?s=20&#038;t=KecBJv5G5JSDzGfCHphSAw\">retweetant mon tweet<\/a> correspondant au billet que j\u2019ai consacr\u00e9 \u00e0 son album ainsi qu\u2019\u00e0 celui de Som4li, avec un petit message. Au passage, je d\u00e9couvre \u00e0 travers son compte Twitter un morceau <a href=\"https:\/\/twitter.com\/mybf10d\/status\/1580609507956514816\">Infection 2.O<\/a> et, par extension, un album <a href=\"https:\/\/gloomstone.bandcamp.com\/album\/w-i-l-t\">WILT<\/a> de style witch house par un artiste de l\u2019Indiana (apparemment) appel\u00e9 Gloomstone. C\u2019est particuli\u00e8rement sombre mais en m\u00eame temps tr\u00e8s puissant, le deuxi\u00e8me morceau TurnThePage par exemple. Ce n&rsquo;est pas pour toutes les oreilles car il s&rsquo;agit d&rsquo;un son \u00e9lectronique hardcore. Cette musique remet bien les id\u00e9es en place.<\/p>\n","protected":false},"excerpt":{"rendered":"<p>(\u88cf\u2793) Ces images du dixi\u00e8me \u00e9pisode de la s\u00e9rie underground Ura (\u88cf) entrent en correspondance assez directe avec le texte du billet principal auquel ce billet est li\u00e9, dans le sens o\u00f9 je montre l\u00e0 encore des ondes lumineuses \u00e9lectriques qui n\u2019en font qu\u2019\u00e0 leur t\u00eate. En \u00e9crivant ce billet, il me vient \u00e0 l\u2019id\u00e9e&#8230;<\/p>\n","protected":false},"author":1,"featured_media":0,"parent":0,"menu_order":0,"comment_status":"open","ping_status":"closed","template":"","meta":{"footnotes":""},"class_list":["post-38376","page","type-page","status-publish","hentry"],"jetpack_sharing_enabled":true,"jetpack_likes_enabled":true,"_links":{"self":[{"href":"https:\/\/www.fgautron.com\/weblog\/wp-json\/wp\/v2\/pages\/38376","targetHints":{"allow":["GET"]}}],"collection":[{"href":"https:\/\/www.fgautron.com\/weblog\/wp-json\/wp\/v2\/pages"}],"about":[{"href":"https:\/\/www.fgautron.com\/weblog\/wp-json\/wp\/v2\/types\/page"}],"author":[{"embeddable":true,"href":"https:\/\/www.fgautron.com\/weblog\/wp-json\/wp\/v2\/users\/1"}],"replies":[{"embeddable":true,"href":"https:\/\/www.fgautron.com\/weblog\/wp-json\/wp\/v2\/comments?post=38376"}],"version-history":[{"count":14,"href":"https:\/\/www.fgautron.com\/weblog\/wp-json\/wp\/v2\/pages\/38376\/revisions"}],"predecessor-version":[{"id":38412,"href":"https:\/\/www.fgautron.com\/weblog\/wp-json\/wp\/v2\/pages\/38376\/revisions\/38412"}],"wp:attachment":[{"href":"https:\/\/www.fgautron.com\/weblog\/wp-json\/wp\/v2\/media?parent=38376"}],"curies":[{"name":"wp","href":"https:\/\/api.w.org\/{rel}","templated":true}]}}